{"id":157,"date":"2022-03-19T19:32:06","date_gmt":"2022-03-19T18:32:06","guid":{"rendered":"http:\/\/fyahstation.local:8090\/?page_id=157"},"modified":"2022-05-11T19:45:47","modified_gmt":"2022-05-11T17:45:47","slug":"mentions-legales","status":"publish","type":"page","link":"https:\/\/www.typogone-editions.com\/index.php\/mentions-legales\/","title":{"rendered":"Mentions legales"},"content":{"rendered":"\n<p>Identit\u00e9 de l&rsquo;entreprise&nbsp;: <\/p>\n\n\n<p><strong>TYPOGONE \u00e9ditions<\/strong><br \/>SAS<br \/>16 bis rue de Belfort 69004 Lyon<br \/>Capital social : 100 euros<br \/>Num\u00e9ro d&rsquo;immatriculation au RCS de LYON : 910 641 893<br \/>Mail : contact@typogone-editions.com<br \/>Num\u00e9ro d&rsquo;identification \u00e0 la TVA : FR37910641893<\/p>\n<p>H\u00e9bergement du Site : TYPOGONE \u00e9ditions<\/p>\n\n\n<p id=\"block-698d1f2d-eb30-4433-92a3-e3dfa8f26144\"><\/p>\n","protected":false},"excerpt":{"rendered":"<p>Identit\u00e9 de l&rsquo;entreprise&nbsp;: TYPOGONE \u00e9ditionsSAS16 bis rue de Belfort 69004 LyonCapital social : 100 eurosNum\u00e9ro d&rsquo;immatriculation au RCS de LYON : 910 641 893Mail : contact@typogone-editions.comNum\u00e9ro d&rsquo;identification \u00e0 la TVA : FR37910641893 H\u00e9bergement du Site : TYPOGONE \u00e9ditions<\/p>\n","protected":false},"author":1,"featured_media":0,"parent":0,"menu_order":0,"comment_status":"closed","ping_status":"closed","template":"","meta":{"footnotes":""},"class_list":["post-157","page","type-page","status-publish","hentry"],"yoast_head":"<!-- This site is optimized with the Yoast SEO plugin v27.1 - https:\/\/yoast.com\/product\/yoast-seo-wordpress\/ -->\n<title>Mentions legales - Typogone \u00e9ditions<\/title>\n<meta name=\"description\" content=\"Mentions legales. Num\u00e9ro d&#039;immatriculation au RCS de LYON : 910 641 893. Mail : contact@typogone-editions.com\" \/>\n<meta name=\"robots\" content=\"index, follow, max-snippet:-1, max-image-preview:large, max-video-preview:-1\" \/>\n<link rel=\"canonical\" href=\"https:\/\/www.typogone-editions.com\/index.php\/mentions-legales\/\" \/>\n<meta property=\"og:locale\" content=\"fr_FR\" \/>\n<meta property=\"og:type\" content=\"article\" \/>\n<meta property=\"og:title\" content=\"Mentions legales - Typogone \u00e9ditions\" \/>\n<meta property=\"og:description\" content=\"Mentions legales. Num\u00e9ro d&#039;immatriculation au RCS de LYON : 910 641 893. Mail : contact@typogone-editions.com\" \/>\n<meta property=\"og:url\" content=\"https:\/\/www.typogone-editions.com\/index.php\/mentions-legales\/\" \/>\n<meta property=\"og:site_name\" content=\"Typogone \u00e9ditions\" \/>\n<meta property=\"article:modified_time\" content=\"2022-05-11T17:45:47+00:00\" \/>\n<meta name=\"twitter:card\" content=\"summary_large_image\" \/>\n<meta name=\"twitter:label1\" content=\"Dur\u00e9e de lecture estim\u00e9e\" \/>\n\t<meta name=\"twitter:data1\" content=\"1 minute\" \/>\n<script type=\"application\/ld+json\" class=\"yoast-schema-graph\">{\"@context\":\"https:\/\/schema.org\",\"@graph\":[{\"@type\":\"WebPage\",\"@id\":\"https:\/\/www.typogone-editions.com\/index.php\/mentions-legales\/\",\"url\":\"https:\/\/www.typogone-editions.com\/index.php\/mentions-legales\/\",\"name\":\"Mentions legales - Typogone \u00e9ditions\",\"isPartOf\":{\"@id\":\"https:\/\/www.typogone-editions.com\/#website\"},\"datePublished\":\"2022-03-19T18:32:06+00:00\",\"dateModified\":\"2022-05-11T17:45:47+00:00\",\"description\":\"Mentions legales. Num\u00e9ro d'immatriculation au RCS de LYON : 910 641 893. Mail : contact@typogone-editions.com\",\"breadcrumb\":{\"@id\":\"https:\/\/www.typogone-editions.com\/index.php\/mentions-legales\/#breadcrumb\"},\"inLanguage\":\"fr-FR\",\"potentialAction\":[{\"@type\":\"ReadAction\",\"target\":[\"https:\/\/www.typogone-editions.com\/index.php\/mentions-legales\/\"]}]},{\"@type\":\"BreadcrumbList\",\"@id\":\"https:\/\/www.typogone-editions.com\/index.php\/mentions-legales\/#breadcrumb\",\"itemListElement\":[{\"@type\":\"ListItem\",\"position\":1,\"name\":\"Accueil\",\"item\":\"https:\/\/www.typogone-editions.com\/\"},{\"@type\":\"ListItem\",\"position\":2,\"name\":\"Mentions legales\"}]},{\"@type\":\"WebSite\",\"@id\":\"https:\/\/www.typogone-editions.com\/#website\",\"url\":\"https:\/\/www.typogone-editions.com\/\",\"name\":\"Typogone \u00e9ditions\",\"description\":\"Maison d&#039;\u00e9dition\",\"publisher\":{\"@id\":\"https:\/\/www.typogone-editions.com\/#organization\"},\"potentialAction\":[{\"@type\":\"SearchAction\",\"target\":{\"@type\":\"EntryPoint\",\"urlTemplate\":\"https:\/\/www.typogone-editions.com\/?s={search_term_string}\"},\"query-input\":{\"@type\":\"PropertyValueSpecification\",\"valueRequired\":true,\"valueName\":\"search_term_string\"}}],\"inLanguage\":\"fr-FR\"},{\"@type\":\"Organization\",\"@id\":\"https:\/\/www.typogone-editions.com\/#organization\",\"name\":\"Typogone \u00e9ditions\",\"url\":\"https:\/\/www.typogone-editions.com\/\",\"logo\":{\"@type\":\"ImageObject\",\"inLanguage\":\"fr-FR\",\"@id\":\"https:\/\/www.typogone-editions.com\/#\/schema\/logo\/image\/\",\"url\":\"https:\/\/www.typogone-editions.com\/wp-content\/uploads\/2022\/03\/Logo-typogone-vecto.jpeg\",\"contentUrl\":\"https:\/\/www.typogone-editions.com\/wp-content\/uploads\/2022\/03\/Logo-typogone-vecto.jpeg\",\"width\":1038,\"height\":1038,\"caption\":\"Typogone \u00e9ditions\"},\"image\":{\"@id\":\"https:\/\/www.typogone-editions.com\/#\/schema\/logo\/image\/\"}}]}<\/script>\n<!-- \/ Yoast SEO plugin. -->","yoast_head_json":{"title":"Mentions legales - Typogone \u00e9ditions","description":"Mentions legales. Num\u00e9ro d'immatriculation au RCS de LYON : 910 641 893. Mail : contact@typogone-editions.com","robots":{"index":"index","follow":"follow","max-snippet":"max-snippet:-1","max-image-preview":"max-image-preview:large","max-video-preview":"max-video-preview:-1"},"canonical":"https:\/\/www.typogone-editions.com\/index.php\/mentions-legales\/","og_locale":"fr_FR","og_type":"article","og_title":"Mentions legales - Typogone \u00e9ditions","og_description":"Mentions legales. Num\u00e9ro d'immatriculation au RCS de LYON : 910 641 893. Mail : contact@typogone-editions.com","og_url":"https:\/\/www.typogone-editions.com\/index.php\/mentions-legales\/","og_site_name":"Typogone \u00e9ditions","article_modified_time":"2022-05-11T17:45:47+00:00","twitter_card":"summary_large_image","twitter_misc":{"Dur\u00e9e de lecture estim\u00e9e":"1 minute"},"schema":{"@context":"https:\/\/schema.org","@graph":[{"@type":"WebPage","@id":"https:\/\/www.typogone-editions.com\/index.php\/mentions-legales\/","url":"https:\/\/www.typogone-editions.com\/index.php\/mentions-legales\/","name":"Mentions legales - Typogone \u00e9ditions","isPartOf":{"@id":"https:\/\/www.typogone-editions.com\/#website"},"datePublished":"2022-03-19T18:32:06+00:00","dateModified":"2022-05-11T17:45:47+00:00","description":"Mentions legales. Num\u00e9ro d'immatriculation au RCS de LYON : 910 641 893. Mail : contact@typogone-editions.com","breadcrumb":{"@id":"https:\/\/www.typogone-editions.com\/index.php\/mentions-legales\/#breadcrumb"},"inLanguage":"fr-FR","potentialAction":[{"@type":"ReadAction","target":["https:\/\/www.typogone-editions.com\/index.php\/mentions-legales\/"]}]},{"@type":"BreadcrumbList","@id":"https:\/\/www.typogone-editions.com\/index.php\/mentions-legales\/#breadcrumb","itemListElement":[{"@type":"ListItem","position":1,"name":"Accueil","item":"https:\/\/www.typogone-editions.com\/"},{"@type":"ListItem","position":2,"name":"Mentions legales"}]},{"@type":"WebSite","@id":"https:\/\/www.typogone-editions.com\/#website","url":"https:\/\/www.typogone-editions.com\/","name":"Typogone \u00e9ditions","description":"Maison d&#039;\u00e9dition","publisher":{"@id":"https:\/\/www.typogone-editions.com\/#organization"},"potentialAction":[{"@type":"SearchAction","target":{"@type":"EntryPoint","urlTemplate":"https:\/\/www.typogone-editions.com\/?s={search_term_string}"},"query-input":{"@type":"PropertyValueSpecification","valueRequired":true,"valueName":"search_term_string"}}],"inLanguage":"fr-FR"},{"@type":"Organization","@id":"https:\/\/www.typogone-editions.com\/#organization","name":"Typogone \u00e9ditions","url":"https:\/\/www.typogone-editions.com\/","logo":{"@type":"ImageObject","inLanguage":"fr-FR","@id":"https:\/\/www.typogone-editions.com\/#\/schema\/logo\/image\/","url":"https:\/\/www.typogone-editions.com\/wp-content\/uploads\/2022\/03\/Logo-typogone-vecto.jpeg","contentUrl":"https:\/\/www.typogone-editions.com\/wp-content\/uploads\/2022\/03\/Logo-typogone-vecto.jpeg","width":1038,"height":1038,"caption":"Typogone \u00e9ditions"},"image":{"@id":"https:\/\/www.typogone-editions.com\/#\/schema\/logo\/image\/"}}]}},"_links":{"self":[{"href":"https:\/\/www.typogone-editions.com\/index.php\/wp-json\/wp\/v2\/pages\/157","targetHints":{"allow":["GET"]}}],"collection":[{"href":"https:\/\/www.typogone-editions.com\/index.php\/wp-json\/wp\/v2\/pages"}],"about":[{"href":"https:\/\/www.typogone-editions.com\/index.php\/wp-json\/wp\/v2\/types\/page"}],"author":[{"embeddable":true,"href":"https:\/\/www.typogone-editions.com\/index.php\/wp-json\/wp\/v2\/users\/1"}],"replies":[{"embeddable":true,"href":"https:\/\/www.typogone-editions.com\/index.php\/wp-json\/wp\/v2\/comments?post=157"}],"version-history":[{"count":5,"href":"https:\/\/www.typogone-editions.com\/index.php\/wp-json\/wp\/v2\/pages\/157\/revisions"}],"predecessor-version":[{"id":376,"href":"https:\/\/www.typogone-editions.com\/index.php\/wp-json\/wp\/v2\/pages\/157\/revisions\/376"}],"wp:attachment":[{"href":"https:\/\/www.typogone-editions.com\/index.php\/wp-json\/wp\/v2\/media?parent=157"}],"curies":[{"name":"wp","href":"https:\/\/api.w.org\/{rel}","templated":true}]}}