{"id":488,"date":"2022-12-20T14:06:57","date_gmt":"2022-12-20T13:06:57","guid":{"rendered":"https:\/\/www.typogone-editions.com\/?page_id=488"},"modified":"2022-12-20T14:06:58","modified_gmt":"2022-12-20T13:06:58","slug":"vous-etes-auteur-e-illustrateur-rice","status":"publish","type":"page","link":"https:\/\/www.typogone-editions.com\/index.php\/vous-etes-auteur-e-illustrateur-rice\/","title":{"rendered":"Vous \u00eates auteur.e, illustrateur.rice ?"},"content":{"rendered":"\n<div class=\"wp-block-columns is-layout-flex wp-container-core-columns-is-layout-9d6595d7 wp-block-columns-is-layout-flex\">\n<div class=\"wp-block-column has-background is-layout-flow wp-block-column-is-layout-flow\" style=\"background-color:#ea5459;flex-basis:20%\">\n<figure class=\"wp-block-image size-full\"><img loading=\"lazy\" decoding=\"async\" width=\"614\" height=\"572\" src=\"https:\/\/www.typogone-editions.com\/wp-content\/uploads\/2022\/03\/lettre.png\" alt=\"\" class=\"wp-image-313\" srcset=\"https:\/\/www.typogone-editions.com\/wp-content\/uploads\/2022\/03\/lettre.png 614w, https:\/\/www.typogone-editions.com\/wp-content\/uploads\/2022\/03\/lettre-300x279.png 300w, https:\/\/www.typogone-editions.com\/wp-content\/uploads\/2022\/03\/lettre-600x559.png 600w\" sizes=\"auto, (max-width: 614px) 85vw, 614px\" \/><\/figure>\n<\/div>\n\n\n\n<div class=\"wp-block-column is-layout-flow wp-block-column-is-layout-flow\" style=\"flex-basis:80%\">\n<p>Bienvenue !<\/p>\n\n\n\n<p>Vous souhaitez nous parler de vos projets, nous montrer votre travail? Nous sommes \u00e0 vos c\u00f4t\u00e9s pour vous conseiller, vous orienter, vous soutenir.<\/p>\n\n\n\n<p>N&rsquo;h\u00e9sitez pas \u00e0 nous contacter, nous reviendrons vers vous dans les meilleurs d\u00e9lais.<\/p>\n\n\n<div class=\"wpforms-container wpforms-container-full wpforms-block\" id=\"wpforms-227\"><form id=\"wpforms-form-227\" class=\"wpforms-validate wpforms-form wpforms-ajax-form\" data-formid=\"227\" method=\"post\" enctype=\"multipart\/form-data\" action=\"\/index.php\/wp-json\/wp\/v2\/pages\/488\" data-token=\"022700cd2b79540518385c7458071203\" data-token-time=\"1776395637\"><noscript class=\"wpforms-error-noscript\">Veuillez activer JavaScript dans votre navigateur pour remplir ce formulaire.<\/noscript><div class=\"wpforms-field-container\"><div id=\"wpforms-227-field_0-container\" class=\"wpforms-field wpforms-field-name\" data-field-id=\"0\"><label class=\"wpforms-field-label\">Nom <span class=\"wpforms-required-label\">*<\/span><\/label><div class=\"wpforms-field-row wpforms-field-medium\"><div class=\"wpforms-field-row-block wpforms-first wpforms-one-half\"><input type=\"text\" id=\"wpforms-227-field_0\" class=\"wpforms-field-name-first wpforms-field-required\" name=\"wpforms[fields][0][first]\" required><label for=\"wpforms-227-field_0\" class=\"wpforms-field-sublabel after\">Pr\u00e9nom<\/label><\/div><div class=\"wpforms-field-row-block wpforms-one-half\"><input type=\"text\" id=\"wpforms-227-field_0-last\" class=\"wpforms-field-name-last wpforms-field-required\" name=\"wpforms[fields][0][last]\" required><label for=\"wpforms-227-field_0-last\" class=\"wpforms-field-sublabel after\">Nom<\/label><\/div><\/div><\/div><div id=\"wpforms-227-field_1-container\" class=\"wpforms-field wpforms-field-email\" data-field-id=\"1\"><label class=\"wpforms-field-label\" for=\"wpforms-227-field_1\">Email <span class=\"wpforms-required-label\">*<\/span><\/label><input type=\"email\" id=\"wpforms-227-field_1\" class=\"wpforms-field-medium wpforms-field-required\" name=\"wpforms[fields][1]\" spellcheck=\"false\" required><\/div><div id=\"wpforms-227-field_2-container\" class=\"wpforms-field wpforms-field-textarea\" data-field-id=\"2\"><label class=\"wpforms-field-label\" for=\"wpforms-227-field_2\">Votre message <span class=\"wpforms-required-label\">*<\/span><\/label><textarea id=\"wpforms-227-field_2\" class=\"wpforms-field-medium wpforms-field-required\" name=\"wpforms[fields][2]\" required><\/textarea><\/div><\/div><!-- .wpforms-field-container --><div class=\"wpforms-recaptcha-container wpforms-is-recaptcha wpforms-is-recaptcha-type-v3\" ><input type=\"hidden\" name=\"wpforms[recaptcha]\" value=\"\"><\/div><div class=\"wpforms-submit-container\" ><input type=\"hidden\" name=\"wpforms[id]\" value=\"227\"><input type=\"hidden\" name=\"page_title\" value=\"\"><input type=\"hidden\" name=\"page_url\" value=\"https:\/\/www.typogone-editions.com\/index.php\/wp-json\/wp\/v2\/pages\/488\"><input type=\"hidden\" name=\"url_referer\" value=\"\"><button type=\"submit\" name=\"wpforms[submit]\" id=\"wpforms-submit-227\" class=\"wpforms-submit\" data-alt-text=\"Envoi en cours...\" data-submit-text=\"Envoyer\" aria-live=\"assertive\" value=\"wpforms-submit\">Envoyer<\/button><img loading=\"lazy\" decoding=\"async\" src=\"https:\/\/www.typogone-editions.com\/wp-content\/plugins\/wpforms-lite\/assets\/images\/submit-spin.svg\" class=\"wpforms-submit-spinner\" style=\"display: none;\" width=\"26\" height=\"26\" alt=\"Chargement en cours\"><\/div><\/form><\/div>  <!-- .wpforms-container --><\/div>\n<\/div>\n","protected":false},"excerpt":{"rendered":"<p>Bienvenue ! Vous souhaitez nous parler de vos projets, nous montrer votre travail? Nous sommes \u00e0 vos c\u00f4t\u00e9s pour vous conseiller, vous orienter, vous soutenir. N&rsquo;h\u00e9sitez pas \u00e0 nous contacter, nous reviendrons vers vous dans les meilleurs d\u00e9lais.<\/p>\n","protected":false},"author":1,"featured_media":0,"parent":0,"menu_order":0,"comment_status":"closed","ping_status":"closed","template":"","meta":{"footnotes":""},"class_list":["post-488","page","type-page","status-publish","hentry"],"yoast_head":"<!-- This site is optimized with the Yoast SEO plugin v27.1 - https:\/\/yoast.com\/product\/yoast-seo-wordpress\/ -->\n<title>Vous \u00eates auteur.e, illustrateur.rice ? - Typogone \u00e9ditions<\/title>\n<meta name=\"robots\" content=\"index, follow, max-snippet:-1, max-image-preview:large, max-video-preview:-1\" \/>\n<link rel=\"canonical\" href=\"https:\/\/www.typogone-editions.com\/index.php\/vous-etes-auteur-e-illustrateur-rice\/\" \/>\n<meta property=\"og:locale\" content=\"fr_FR\" \/>\n<meta property=\"og:type\" content=\"article\" \/>\n<meta property=\"og:title\" content=\"Vous \u00eates auteur.e, illustrateur.rice ? - Typogone \u00e9ditions\" \/>\n<meta property=\"og:description\" content=\"Bienvenue ! Vous souhaitez nous parler de vos projets, nous montrer votre travail? Nous sommes \u00e0 vos c\u00f4t\u00e9s pour vous conseiller, vous orienter, vous soutenir. N&rsquo;h\u00e9sitez pas \u00e0 nous contacter, nous reviendrons vers vous dans les meilleurs d\u00e9lais.\" \/>\n<meta property=\"og:url\" content=\"https:\/\/www.typogone-editions.com\/index.php\/vous-etes-auteur-e-illustrateur-rice\/\" \/>\n<meta property=\"og:site_name\" content=\"Typogone \u00e9ditions\" \/>\n<meta property=\"article:modified_time\" content=\"2022-12-20T13:06:58+00:00\" \/>\n<meta property=\"og:image\" content=\"https:\/\/www.typogone-editions.com\/wp-content\/uploads\/2022\/03\/lettre.png\" \/>\n<meta name=\"twitter:card\" content=\"summary_large_image\" \/>\n<meta name=\"twitter:label1\" content=\"Dur\u00e9e de lecture estim\u00e9e\" \/>\n\t<meta name=\"twitter:data1\" content=\"1 minute\" \/>\n<script type=\"application\/ld+json\" class=\"yoast-schema-graph\">{\"@context\":\"https:\/\/schema.org\",\"@graph\":[{\"@type\":\"WebPage\",\"@id\":\"https:\/\/www.typogone-editions.com\/index.php\/vous-etes-auteur-e-illustrateur-rice\/\",\"url\":\"https:\/\/www.typogone-editions.com\/index.php\/vous-etes-auteur-e-illustrateur-rice\/\",\"name\":\"Vous \u00eates auteur.e, illustrateur.rice ? - Typogone \u00e9ditions\",\"isPartOf\":{\"@id\":\"https:\/\/www.typogone-editions.com\/#website\"},\"primaryImageOfPage\":{\"@id\":\"https:\/\/www.typogone-editions.com\/index.php\/vous-etes-auteur-e-illustrateur-rice\/#primaryimage\"},\"image\":{\"@id\":\"https:\/\/www.typogone-editions.com\/index.php\/vous-etes-auteur-e-illustrateur-rice\/#primaryimage\"},\"thumbnailUrl\":\"https:\/\/www.typogone-editions.com\/wp-content\/uploads\/2022\/03\/lettre.png\",\"datePublished\":\"2022-12-20T13:06:57+00:00\",\"dateModified\":\"2022-12-20T13:06:58+00:00\",\"breadcrumb\":{\"@id\":\"https:\/\/www.typogone-editions.com\/index.php\/vous-etes-auteur-e-illustrateur-rice\/#breadcrumb\"},\"inLanguage\":\"fr-FR\",\"potentialAction\":[{\"@type\":\"ReadAction\",\"target\":[\"https:\/\/www.typogone-editions.com\/index.php\/vous-etes-auteur-e-illustrateur-rice\/\"]}]},{\"@type\":\"ImageObject\",\"inLanguage\":\"fr-FR\",\"@id\":\"https:\/\/www.typogone-editions.com\/index.php\/vous-etes-auteur-e-illustrateur-rice\/#primaryimage\",\"url\":\"https:\/\/www.typogone-editions.com\/wp-content\/uploads\/2022\/03\/lettre.png\",\"contentUrl\":\"https:\/\/www.typogone-editions.com\/wp-content\/uploads\/2022\/03\/lettre.png\",\"width\":614,\"height\":572},{\"@type\":\"BreadcrumbList\",\"@id\":\"https:\/\/www.typogone-editions.com\/index.php\/vous-etes-auteur-e-illustrateur-rice\/#breadcrumb\",\"itemListElement\":[{\"@type\":\"ListItem\",\"position\":1,\"name\":\"Accueil\",\"item\":\"https:\/\/www.typogone-editions.com\/\"},{\"@type\":\"ListItem\",\"position\":2,\"name\":\"Vous \u00eates auteur.e, illustrateur.rice ?\"}]},{\"@type\":\"WebSite\",\"@id\":\"https:\/\/www.typogone-editions.com\/#website\",\"url\":\"https:\/\/www.typogone-editions.com\/\",\"name\":\"Typogone \u00e9ditions\",\"description\":\"Maison d&#039;\u00e9dition\",\"publisher\":{\"@id\":\"https:\/\/www.typogone-editions.com\/#organization\"},\"potentialAction\":[{\"@type\":\"SearchAction\",\"target\":{\"@type\":\"EntryPoint\",\"urlTemplate\":\"https:\/\/www.typogone-editions.com\/?s={search_term_string}\"},\"query-input\":{\"@type\":\"PropertyValueSpecification\",\"valueRequired\":true,\"valueName\":\"search_term_string\"}}],\"inLanguage\":\"fr-FR\"},{\"@type\":\"Organization\",\"@id\":\"https:\/\/www.typogone-editions.com\/#organization\",\"name\":\"Typogone \u00e9ditions\",\"url\":\"https:\/\/www.typogone-editions.com\/\",\"logo\":{\"@type\":\"ImageObject\",\"inLanguage\":\"fr-FR\",\"@id\":\"https:\/\/www.typogone-editions.com\/#\/schema\/logo\/image\/\",\"url\":\"https:\/\/www.typogone-editions.com\/wp-content\/uploads\/2022\/03\/Logo-typogone-vecto.jpeg\",\"contentUrl\":\"https:\/\/www.typogone-editions.com\/wp-content\/uploads\/2022\/03\/Logo-typogone-vecto.jpeg\",\"width\":1038,\"height\":1038,\"caption\":\"Typogone \u00e9ditions\"},\"image\":{\"@id\":\"https:\/\/www.typogone-editions.com\/#\/schema\/logo\/image\/\"}}]}<\/script>\n<!-- \/ Yoast SEO plugin. -->","yoast_head_json":{"title":"Vous \u00eates auteur.e, illustrateur.rice ? - Typogone \u00e9ditions","robots":{"index":"index","follow":"follow","max-snippet":"max-snippet:-1","max-image-preview":"max-image-preview:large","max-video-preview":"max-video-preview:-1"},"canonical":"https:\/\/www.typogone-editions.com\/index.php\/vous-etes-auteur-e-illustrateur-rice\/","og_locale":"fr_FR","og_type":"article","og_title":"Vous \u00eates auteur.e, illustrateur.rice ? - Typogone \u00e9ditions","og_description":"Bienvenue ! Vous souhaitez nous parler de vos projets, nous montrer votre travail? Nous sommes \u00e0 vos c\u00f4t\u00e9s pour vous conseiller, vous orienter, vous soutenir. N&rsquo;h\u00e9sitez pas \u00e0 nous contacter, nous reviendrons vers vous dans les meilleurs d\u00e9lais.","og_url":"https:\/\/www.typogone-editions.com\/index.php\/vous-etes-auteur-e-illustrateur-rice\/","og_site_name":"Typogone \u00e9ditions","article_modified_time":"2022-12-20T13:06:58+00:00","og_image":[{"url":"https:\/\/www.typogone-editions.com\/wp-content\/uploads\/2022\/03\/lettre.png","type":"","width":"","height":""}],"twitter_card":"summary_large_image","twitter_misc":{"Dur\u00e9e de lecture estim\u00e9e":"1 minute"},"schema":{"@context":"https:\/\/schema.org","@graph":[{"@type":"WebPage","@id":"https:\/\/www.typogone-editions.com\/index.php\/vous-etes-auteur-e-illustrateur-rice\/","url":"https:\/\/www.typogone-editions.com\/index.php\/vous-etes-auteur-e-illustrateur-rice\/","name":"Vous \u00eates auteur.e, illustrateur.rice ? - Typogone \u00e9ditions","isPartOf":{"@id":"https:\/\/www.typogone-editions.com\/#website"},"primaryImageOfPage":{"@id":"https:\/\/www.typogone-editions.com\/index.php\/vous-etes-auteur-e-illustrateur-rice\/#primaryimage"},"image":{"@id":"https:\/\/www.typogone-editions.com\/index.php\/vous-etes-auteur-e-illustrateur-rice\/#primaryimage"},"thumbnailUrl":"https:\/\/www.typogone-editions.com\/wp-content\/uploads\/2022\/03\/lettre.png","datePublished":"2022-12-20T13:06:57+00:00","dateModified":"2022-12-20T13:06:58+00:00","breadcrumb":{"@id":"https:\/\/www.typogone-editions.com\/index.php\/vous-etes-auteur-e-illustrateur-rice\/#breadcrumb"},"inLanguage":"fr-FR","potentialAction":[{"@type":"ReadAction","target":["https:\/\/www.typogone-editions.com\/index.php\/vous-etes-auteur-e-illustrateur-rice\/"]}]},{"@type":"ImageObject","inLanguage":"fr-FR","@id":"https:\/\/www.typogone-editions.com\/index.php\/vous-etes-auteur-e-illustrateur-rice\/#primaryimage","url":"https:\/\/www.typogone-editions.com\/wp-content\/uploads\/2022\/03\/lettre.png","contentUrl":"https:\/\/www.typogone-editions.com\/wp-content\/uploads\/2022\/03\/lettre.png","width":614,"height":572},{"@type":"BreadcrumbList","@id":"https:\/\/www.typogone-editions.com\/index.php\/vous-etes-auteur-e-illustrateur-rice\/#breadcrumb","itemListElement":[{"@type":"ListItem","position":1,"name":"Accueil","item":"https:\/\/www.typogone-editions.com\/"},{"@type":"ListItem","position":2,"name":"Vous \u00eates auteur.e, illustrateur.rice ?"}]},{"@type":"WebSite","@id":"https:\/\/www.typogone-editions.com\/#website","url":"https:\/\/www.typogone-editions.com\/","name":"Typogone \u00e9ditions","description":"Maison d&#039;\u00e9dition","publisher":{"@id":"https:\/\/www.typogone-editions.com\/#organization"},"potentialAction":[{"@type":"SearchAction","target":{"@type":"EntryPoint","urlTemplate":"https:\/\/www.typogone-editions.com\/?s={search_term_string}"},"query-input":{"@type":"PropertyValueSpecification","valueRequired":true,"valueName":"search_term_string"}}],"inLanguage":"fr-FR"},{"@type":"Organization","@id":"https:\/\/www.typogone-editions.com\/#organization","name":"Typogone \u00e9ditions","url":"https:\/\/www.typogone-editions.com\/","logo":{"@type":"ImageObject","inLanguage":"fr-FR","@id":"https:\/\/www.typogone-editions.com\/#\/schema\/logo\/image\/","url":"https:\/\/www.typogone-editions.com\/wp-content\/uploads\/2022\/03\/Logo-typogone-vecto.jpeg","contentUrl":"https:\/\/www.typogone-editions.com\/wp-content\/uploads\/2022\/03\/Logo-typogone-vecto.jpeg","width":1038,"height":1038,"caption":"Typogone \u00e9ditions"},"image":{"@id":"https:\/\/www.typogone-editions.com\/#\/schema\/logo\/image\/"}}]}},"_links":{"self":[{"href":"https:\/\/www.typogone-editions.com\/index.php\/wp-json\/wp\/v2\/pages\/488","targetHints":{"allow":["GET"]}}],"collection":[{"href":"https:\/\/www.typogone-editions.com\/index.php\/wp-json\/wp\/v2\/pages"}],"about":[{"href":"https:\/\/www.typogone-editions.com\/index.php\/wp-json\/wp\/v2\/types\/page"}],"author":[{"embeddable":true,"href":"https:\/\/www.typogone-editions.com\/index.php\/wp-json\/wp\/v2\/users\/1"}],"replies":[{"embeddable":true,"href":"https:\/\/www.typogone-editions.com\/index.php\/wp-json\/wp\/v2\/comments?post=488"}],"version-history":[{"count":1,"href":"https:\/\/www.typogone-editions.com\/index.php\/wp-json\/wp\/v2\/pages\/488\/revisions"}],"predecessor-version":[{"id":490,"href":"https:\/\/www.typogone-editions.com\/index.php\/wp-json\/wp\/v2\/pages\/488\/revisions\/490"}],"wp:attachment":[{"href":"https:\/\/www.typogone-editions.com\/index.php\/wp-json\/wp\/v2\/media?parent=488"}],"curies":[{"name":"wp","href":"https:\/\/api.w.org\/{rel}","templated":true}]}}