{"id":10,"date":"2021-09-18T17:58:37","date_gmt":"2021-09-18T15:58:37","guid":{"rendered":"http:\/\/fyahstation:8090\/?post_type=product&#038;p=10"},"modified":"2024-01-29T10:41:10","modified_gmt":"2024-01-29T09:41:10","slug":"un-metier-pour-moi-sapeur-pompier","status":"publish","type":"product","link":"https:\/\/www.typogone-editions.com\/index.php\/produit\/un-metier-pour-moi-sapeur-pompier\/","title":{"rendered":"Un m\u00e9tier pour moi &#8211; Sapeur-Pompier"},"content":{"rendered":"<h4>R\u00e9sum\u00e9 du livre<\/h4>\n<p>La premi\u00e8re partie aborde les th\u00e9matiques g\u00e9n\u00e9rales du m\u00e9tier de sapeur-pompier : les missions, les comp\u00e9tences requises, les diff\u00e9rentes formations, le salaire, les sp\u00e9cialisations. Puis, une immersion plus sp\u00e9cifique \u00e0 la profession est propos\u00e9e pour expliquer le quotidien dans une caserne ou encore le d\u00e9roulement d\u2019une intervention.<\/p>\n<p>En deuxi\u00e8me partie du livre, une bande dessin\u00e9e pr\u00e9sente deux sapeurs-pompiers, leur parcours et leurs exp\u00e9riences. Laura, en tant que m\u00e9decin sapeur-pompier, initie aux gestes qui sauvent et Maxence, expert dans les interventions de type \u00abfeux de for\u00eat\u00bb, livre quelques explications techniques sur le mat\u00e9riel utilis\u00e9.<\/p>\n<p>Enfin, par un principe de double page ludique, la troisi\u00e8me partie cr\u00e9e une passerelle avec l\u2019\u00e9cole (histoire, physique, chimie, math\u00e9matiques) au travers de la gestion du malaise cardiaque, l\u2019\u00e9tude de la tenue r\u00e9fl\u00e9chissante du sapeur-pompier et bien d\u2019autres surprises encore.<\/p>\n<h4><strong>La collection &#8211; <a href=\"https:\/\/www.typogone-editions.com\/index.php\/la-collection-un-metier-pour-moi\/\">Un m\u00e9tier pour moi !<\/a><\/strong><\/h4>\n<p>Elle s\u2019adresse aux jeunes adolescents et r\u00e9pond aux questions qu\u2019ils se posent sur diff\u00e9rents m\u00e9tiers gr\u00e2ce \u00e0 une pr\u00e9sentation d\u00e9taill\u00e9e de la profession, des entretiens avec des experts sous forme de bande dessin\u00e9e et des sujets concrets en lien avec le programme scolaire.<\/p>\n<h4>Sommaire<\/h4>\n<ul>\n<li>C\u2019est quoi le m\u00e9tier de sapeur-pompier ?<\/li>\n<li>Qui sont les sapeurs-pompiers ?<\/li>\n<li>Quelles sont les missions des sapeurs-pompiers ?<\/li>\n<li>Quelles sont les diff\u00e9rentes interventions ?<\/li>\n<li>Comment se passe la vie dans une caserne ?<\/li>\n<li>Comment se d\u00e9roule une intervention ?<\/li>\n<li>Quelle est la formation pour devenir SPP ?<\/li>\n<li>Qui sont les JSP ?<\/li>\n<li>Comment fonctionnent les grades ?<\/li>\n<li>Et les sp\u00e9cialisations ?<\/li>\n<li>Combien gagne un SPP ?<\/li>\n<li>Quelles sont les qualit\u00e9s d\u2019un sapeur-pompier ?<\/li>\n<li>L\u2019interview de Maxence<\/li>\n<li>L\u2019interview de Laura<\/li>\n<li>Quand sont apparus les premiers sapeurs-pompiers ?<\/li>\n<li>Que doit faire le SPP face \u00e0 un malaise cardiaque ?<\/li>\n<li>Comment sont habill\u00e9s les sapeurs-pompiers ?<\/li>\n<li>Les sapeurs-pompiers utilisent-ils les maths ?<\/li>\n<li>Comment \u00e9teindre un feu ?<\/li>\n<li>Le savais-tu ?<\/li>\n<\/ul>\n<p><a href=\"https:\/\/www.typogone-editions.com\/wp-content\/uploads\/2023\/04\/Fiche-argu_Pompier.pdf\">Fiche de pr\u00e9sentation<\/a><\/p>\n","protected":false},"excerpt":{"rendered":"<p>\u00c0 d\u00e9couvrir : les diff\u00e9rentes facettes du m\u00e9tier, des interviews d&rsquo;experts et des dossiers th\u00e9matiques en lien avec le programme scolaire.<\/p>\n<hr \/>\n<p><strong>Format<\/strong> : 12,5 x 18 cm<br \/>\n<strong>Pagination<\/strong> : 48 pages<br \/>\n<strong>Fa\u00e7onnage<\/strong> : broch\u00e9<br \/>\n<strong>Illustrations<\/strong> : Valia<br \/>\n<strong>Parution<\/strong> : Avril 2022<br \/>\n<strong>ISBN<\/strong> : 978-2-9582435-1-7<\/p>\n<hr \/>\n<h3>9,90 \u20ac<\/h3>\n","protected":false},"featured_media":203,"template":"","meta":[],"product_brand":[],"product_cat":[16],"product_tag":[],"class_list":{"0":"post-10","1":"product","2":"type-product","3":"status-publish","4":"has-post-thumbnail","6":"product_cat-non-classe","8":"first","9":"instock","10":"taxable","11":"shipping-taxable","12":"product-type-simple"},"yoast_head":"<!-- This site is optimized with the Yoast SEO plugin v27.1 - https:\/\/yoast.com\/product\/yoast-seo-wordpress\/ -->\n<title>Un m\u00e9tier pour moi - Sapeur-Pompier - Typogone \u00e9ditions<\/title>\n<meta name=\"description\" content=\"Sapeur-pompier professionnel, un m\u00e9tier \u00ab passion \u00bb expliqu\u00e9 aux lecteurs de 8 \u00e0 13 ans avec des textes concis, des interviews et de la BD.\" \/>\n<meta name=\"robots\" content=\"index, follow, max-snippet:-1, max-image-preview:large, max-video-preview:-1\" \/>\n<link rel=\"canonical\" href=\"https:\/\/www.typogone-editions.com\/index.php\/produit\/un-metier-pour-moi-sapeur-pompier\/\" \/>\n<meta property=\"og:locale\" content=\"fr_FR\" \/>\n<meta property=\"og:type\" content=\"article\" \/>\n<meta property=\"og:title\" content=\"Un m\u00e9tier pour moi - Sapeur-Pompier - Typogone \u00e9ditions\" \/>\n<meta property=\"og:description\" content=\"Sapeur-pompier professionnel, un m\u00e9tier \u00ab passion \u00bb expliqu\u00e9 aux lecteurs de 8 \u00e0 13 ans avec des textes concis, des interviews et de la BD.\" \/>\n<meta property=\"og:url\" content=\"https:\/\/www.typogone-editions.com\/index.php\/produit\/un-metier-pour-moi-sapeur-pompier\/\" \/>\n<meta property=\"og:site_name\" content=\"Typogone \u00e9ditions\" \/>\n<meta property=\"article:modified_time\" content=\"2024-01-29T09:41:10+00:00\" \/>\n<meta property=\"og:image\" content=\"https:\/\/www.typogone-editions.com\/wp-content\/uploads\/2022\/03\/Couverture-Un-me\u0301tier-pour-moi-Sapeur-Pompier.png\" \/>\n\t<meta property=\"og:image:width\" content=\"800\" \/>\n\t<meta property=\"og:image:height\" content=\"1166\" \/>\n\t<meta property=\"og:image:type\" content=\"image\/png\" \/>\n<meta name=\"twitter:card\" content=\"summary_large_image\" \/>\n<meta name=\"twitter:label1\" content=\"Dur\u00e9e de lecture estim\u00e9e\" \/>\n\t<meta name=\"twitter:data1\" content=\"2 minutes\" \/>\n<script type=\"application\/ld+json\" class=\"yoast-schema-graph\">{\"@context\":\"https:\/\/schema.org\",\"@graph\":[{\"@type\":\"WebPage\",\"@id\":\"https:\/\/www.typogone-editions.com\/index.php\/produit\/un-metier-pour-moi-sapeur-pompier\/\",\"url\":\"https:\/\/www.typogone-editions.com\/index.php\/produit\/un-metier-pour-moi-sapeur-pompier\/\",\"name\":\"Un m\u00e9tier pour moi - Sapeur-Pompier - Typogone \u00e9ditions\",\"isPartOf\":{\"@id\":\"https:\/\/www.typogone-editions.com\/#website\"},\"primaryImageOfPage\":{\"@id\":\"https:\/\/www.typogone-editions.com\/index.php\/produit\/un-metier-pour-moi-sapeur-pompier\/#primaryimage\"},\"image\":{\"@id\":\"https:\/\/www.typogone-editions.com\/index.php\/produit\/un-metier-pour-moi-sapeur-pompier\/#primaryimage\"},\"thumbnailUrl\":\"https:\/\/www.typogone-editions.com\/wp-content\/uploads\/2022\/03\/Couverture-Un-me\u0301tier-pour-moi-Sapeur-Pompier.png\",\"datePublished\":\"2021-09-18T15:58:37+00:00\",\"dateModified\":\"2024-01-29T09:41:10+00:00\",\"description\":\"Sapeur-pompier professionnel, un m\u00e9tier \u00ab passion \u00bb expliqu\u00e9 aux lecteurs de 8 \u00e0 13 ans avec des textes concis, des interviews et de la BD.\",\"breadcrumb\":{\"@id\":\"https:\/\/www.typogone-editions.com\/index.php\/produit\/un-metier-pour-moi-sapeur-pompier\/#breadcrumb\"},\"inLanguage\":\"fr-FR\",\"potentialAction\":[{\"@type\":\"ReadAction\",\"target\":[\"https:\/\/www.typogone-editions.com\/index.php\/produit\/un-metier-pour-moi-sapeur-pompier\/\"]}]},{\"@type\":\"ImageObject\",\"inLanguage\":\"fr-FR\",\"@id\":\"https:\/\/www.typogone-editions.com\/index.php\/produit\/un-metier-pour-moi-sapeur-pompier\/#primaryimage\",\"url\":\"https:\/\/www.typogone-editions.com\/wp-content\/uploads\/2022\/03\/Couverture-Un-me\u0301tier-pour-moi-Sapeur-Pompier.png\",\"contentUrl\":\"https:\/\/www.typogone-editions.com\/wp-content\/uploads\/2022\/03\/Couverture-Un-me\u0301tier-pour-moi-Sapeur-Pompier.png\",\"width\":800,\"height\":1166},{\"@type\":\"BreadcrumbList\",\"@id\":\"https:\/\/www.typogone-editions.com\/index.php\/produit\/un-metier-pour-moi-sapeur-pompier\/#breadcrumb\",\"itemListElement\":[{\"@type\":\"ListItem\",\"position\":1,\"name\":\"Accueil\",\"item\":\"https:\/\/www.typogone-editions.com\/\"},{\"@type\":\"ListItem\",\"position\":2,\"name\":\"Un m\u00e9tier pour moi &#8211; Sapeur-Pompier\"}]},{\"@type\":\"WebSite\",\"@id\":\"https:\/\/www.typogone-editions.com\/#website\",\"url\":\"https:\/\/www.typogone-editions.com\/\",\"name\":\"Typogone \u00e9ditions\",\"description\":\"Maison d&#039;\u00e9dition\",\"publisher\":{\"@id\":\"https:\/\/www.typogone-editions.com\/#organization\"},\"potentialAction\":[{\"@type\":\"SearchAction\",\"target\":{\"@type\":\"EntryPoint\",\"urlTemplate\":\"https:\/\/www.typogone-editions.com\/?s={search_term_string}\"},\"query-input\":{\"@type\":\"PropertyValueSpecification\",\"valueRequired\":true,\"valueName\":\"search_term_string\"}}],\"inLanguage\":\"fr-FR\"},{\"@type\":\"Organization\",\"@id\":\"https:\/\/www.typogone-editions.com\/#organization\",\"name\":\"Typogone \u00e9ditions\",\"url\":\"https:\/\/www.typogone-editions.com\/\",\"logo\":{\"@type\":\"ImageObject\",\"inLanguage\":\"fr-FR\",\"@id\":\"https:\/\/www.typogone-editions.com\/#\/schema\/logo\/image\/\",\"url\":\"https:\/\/www.typogone-editions.com\/wp-content\/uploads\/2022\/03\/Logo-typogone-vecto.jpeg\",\"contentUrl\":\"https:\/\/www.typogone-editions.com\/wp-content\/uploads\/2022\/03\/Logo-typogone-vecto.jpeg\",\"width\":1038,\"height\":1038,\"caption\":\"Typogone \u00e9ditions\"},\"image\":{\"@id\":\"https:\/\/www.typogone-editions.com\/#\/schema\/logo\/image\/\"}}]}<\/script>\n<!-- \/ Yoast SEO plugin. -->","yoast_head_json":{"title":"Un m\u00e9tier pour moi - Sapeur-Pompier - Typogone \u00e9ditions","description":"Sapeur-pompier professionnel, un m\u00e9tier \u00ab passion \u00bb expliqu\u00e9 aux lecteurs de 8 \u00e0 13 ans avec des textes concis, des interviews et de la BD.","robots":{"index":"index","follow":"follow","max-snippet":"max-snippet:-1","max-image-preview":"max-image-preview:large","max-video-preview":"max-video-preview:-1"},"canonical":"https:\/\/www.typogone-editions.com\/index.php\/produit\/un-metier-pour-moi-sapeur-pompier\/","og_locale":"fr_FR","og_type":"article","og_title":"Un m\u00e9tier pour moi - Sapeur-Pompier - Typogone \u00e9ditions","og_description":"Sapeur-pompier professionnel, un m\u00e9tier \u00ab passion \u00bb expliqu\u00e9 aux lecteurs de 8 \u00e0 13 ans avec des textes concis, des interviews et de la BD.","og_url":"https:\/\/www.typogone-editions.com\/index.php\/produit\/un-metier-pour-moi-sapeur-pompier\/","og_site_name":"Typogone \u00e9ditions","article_modified_time":"2024-01-29T09:41:10+00:00","og_image":[{"width":800,"height":1166,"url":"https:\/\/www.typogone-editions.com\/wp-content\/uploads\/2022\/03\/Couverture-Un-me\u0301tier-pour-moi-Sapeur-Pompier.png","type":"image\/png"}],"twitter_card":"summary_large_image","twitter_misc":{"Dur\u00e9e de lecture estim\u00e9e":"2 minutes"},"schema":{"@context":"https:\/\/schema.org","@graph":[{"@type":"WebPage","@id":"https:\/\/www.typogone-editions.com\/index.php\/produit\/un-metier-pour-moi-sapeur-pompier\/","url":"https:\/\/www.typogone-editions.com\/index.php\/produit\/un-metier-pour-moi-sapeur-pompier\/","name":"Un m\u00e9tier pour moi - Sapeur-Pompier - Typogone \u00e9ditions","isPartOf":{"@id":"https:\/\/www.typogone-editions.com\/#website"},"primaryImageOfPage":{"@id":"https:\/\/www.typogone-editions.com\/index.php\/produit\/un-metier-pour-moi-sapeur-pompier\/#primaryimage"},"image":{"@id":"https:\/\/www.typogone-editions.com\/index.php\/produit\/un-metier-pour-moi-sapeur-pompier\/#primaryimage"},"thumbnailUrl":"https:\/\/www.typogone-editions.com\/wp-content\/uploads\/2022\/03\/Couverture-Un-me\u0301tier-pour-moi-Sapeur-Pompier.png","datePublished":"2021-09-18T15:58:37+00:00","dateModified":"2024-01-29T09:41:10+00:00","description":"Sapeur-pompier professionnel, un m\u00e9tier \u00ab passion \u00bb expliqu\u00e9 aux lecteurs de 8 \u00e0 13 ans avec des textes concis, des interviews et de la BD.","breadcrumb":{"@id":"https:\/\/www.typogone-editions.com\/index.php\/produit\/un-metier-pour-moi-sapeur-pompier\/#breadcrumb"},"inLanguage":"fr-FR","potentialAction":[{"@type":"ReadAction","target":["https:\/\/www.typogone-editions.com\/index.php\/produit\/un-metier-pour-moi-sapeur-pompier\/"]}]},{"@type":"ImageObject","inLanguage":"fr-FR","@id":"https:\/\/www.typogone-editions.com\/index.php\/produit\/un-metier-pour-moi-sapeur-pompier\/#primaryimage","url":"https:\/\/www.typogone-editions.com\/wp-content\/uploads\/2022\/03\/Couverture-Un-me\u0301tier-pour-moi-Sapeur-Pompier.png","contentUrl":"https:\/\/www.typogone-editions.com\/wp-content\/uploads\/2022\/03\/Couverture-Un-me\u0301tier-pour-moi-Sapeur-Pompier.png","width":800,"height":1166},{"@type":"BreadcrumbList","@id":"https:\/\/www.typogone-editions.com\/index.php\/produit\/un-metier-pour-moi-sapeur-pompier\/#breadcrumb","itemListElement":[{"@type":"ListItem","position":1,"name":"Accueil","item":"https:\/\/www.typogone-editions.com\/"},{"@type":"ListItem","position":2,"name":"Un m\u00e9tier pour moi &#8211; Sapeur-Pompier"}]},{"@type":"WebSite","@id":"https:\/\/www.typogone-editions.com\/#website","url":"https:\/\/www.typogone-editions.com\/","name":"Typogone \u00e9ditions","description":"Maison d&#039;\u00e9dition","publisher":{"@id":"https:\/\/www.typogone-editions.com\/#organization"},"potentialAction":[{"@type":"SearchAction","target":{"@type":"EntryPoint","urlTemplate":"https:\/\/www.typogone-editions.com\/?s={search_term_string}"},"query-input":{"@type":"PropertyValueSpecification","valueRequired":true,"valueName":"search_term_string"}}],"inLanguage":"fr-FR"},{"@type":"Organization","@id":"https:\/\/www.typogone-editions.com\/#organization","name":"Typogone \u00e9ditions","url":"https:\/\/www.typogone-editions.com\/","logo":{"@type":"ImageObject","inLanguage":"fr-FR","@id":"https:\/\/www.typogone-editions.com\/#\/schema\/logo\/image\/","url":"https:\/\/www.typogone-editions.com\/wp-content\/uploads\/2022\/03\/Logo-typogone-vecto.jpeg","contentUrl":"https:\/\/www.typogone-editions.com\/wp-content\/uploads\/2022\/03\/Logo-typogone-vecto.jpeg","width":1038,"height":1038,"caption":"Typogone \u00e9ditions"},"image":{"@id":"https:\/\/www.typogone-editions.com\/#\/schema\/logo\/image\/"}}]}},"_links":{"self":[{"href":"https:\/\/www.typogone-editions.com\/index.php\/wp-json\/wp\/v2\/product\/10","targetHints":{"allow":["GET"]}}],"collection":[{"href":"https:\/\/www.typogone-editions.com\/index.php\/wp-json\/wp\/v2\/product"}],"about":[{"href":"https:\/\/www.typogone-editions.com\/index.php\/wp-json\/wp\/v2\/types\/product"}],"wp:featuredmedia":[{"embeddable":true,"href":"https:\/\/www.typogone-editions.com\/index.php\/wp-json\/wp\/v2\/media\/203"}],"wp:attachment":[{"href":"https:\/\/www.typogone-editions.com\/index.php\/wp-json\/wp\/v2\/media?parent=10"}],"wp:term":[{"taxonomy":"product_brand","embeddable":true,"href":"https:\/\/www.typogone-editions.com\/index.php\/wp-json\/wp\/v2\/product_brand?post=10"},{"taxonomy":"product_cat","embeddable":true,"href":"https:\/\/www.typogone-editions.com\/index.php\/wp-json\/wp\/v2\/product_cat?post=10"},{"taxonomy":"product_tag","embeddable":true,"href":"https:\/\/www.typogone-editions.com\/index.php\/wp-json\/wp\/v2\/product_tag?post=10"}],"curies":[{"name":"wp","href":"https:\/\/api.w.org\/{rel}","templated":true}]}}