{"id":139,"date":"2022-03-18T10:47:05","date_gmt":"2022-03-18T09:47:05","guid":{"rendered":"http:\/\/fyahstation.local:8090\/?post_type=product&#038;p=139"},"modified":"2024-01-29T10:40:41","modified_gmt":"2024-01-29T09:40:41","slug":"architecte-un-metier-pour-moi","status":"publish","type":"product","link":"https:\/\/www.typogone-editions.com\/index.php\/produit\/architecte-un-metier-pour-moi\/","title":{"rendered":"Un m\u00e9tier pour moi &#8211; Architecte"},"content":{"rendered":"<h4>R\u00e9sum\u00e9 du livre<\/h4>\n<p>La premi\u00e8re partie aborde les th\u00e9matiques g\u00e9n\u00e9rales du m\u00e9tier d\u2019architecte : les missions, les comp\u00e9tences requises, les diff\u00e9rents cursus scolaires, le salaire, les sp\u00e9cialisations. Puis, une immersion plus sp\u00e9cifique \u00e0 la profession est propos\u00e9e pour expliquer les diff\u00e9rentes \u00e9tapes de la conception jusqu\u2019au suivi des travaux ou encore le travail en \u00e9quipe lors de la r\u00e9alisation d\u2019un projet architectural.<\/p>\n<p>En deuxi\u00e8me partie du livre, une bande dessin\u00e9e pr\u00e9sente deux architectes, leur parcours et leurs exp\u00e9riences. Alix, sensible \u00e0 l\u2019\u00e9cologie, explique l\u2019impact environnemental de son m\u00e9tier et les solutions \u00e0 envisager. Quant \u00e0 Antoine, expert dans la restauration du patrimoine et enseignant, il livre quelques outils pour dessiner ses premiers plans.<\/p>\n<p>Enfin, par un principe de double page ludique, la troisi\u00e8me partie cr\u00e9e une passerelle avec l\u2019\u00e9cole (histoire, g\u00e9ographie, physique, chimie, litt\u00e9rature) au travers de la pyramide de Kh\u00e9ops, le principe des constructions parasismiques et bien d\u2019autres surprises encore.<\/p>\n<h4><strong>La collection &#8211; <a href=\"https:\/\/www.typogone-editions.com\/index.php\/la-collection-un-metier-pour-moi\/\">Un m\u00e9tier pour moi !<\/a><\/strong><\/h4>\n<p>Elle s\u2019adresse aux jeunes adolescents et r\u00e9pond aux questions qu\u2019ils se posent sur diff\u00e9rents m\u00e9tiers gr\u00e2ce \u00e0 une pr\u00e9sentation d\u00e9taill\u00e9e de la profession, des entretiens avec des experts sous forme de bande dessin\u00e9e et des sujets concrets en lien avec le programme scolaire.<\/p>\n<h4>Sommaire<\/h4>\n<ul>\n<li>C&rsquo;est quoi le m\u00e9tier d&rsquo;architecte?<\/li>\n<li>C\u2019est qui l\u2019architecte ?<\/li>\n<li>Quelles sont les missions de l\u2019architecte ?<\/li>\n<li>Quelles sont les connaissances et les comp\u00e9tences n\u00e9cessaires ?<\/li>\n<li>Quelles sont les \u00e9tapes de la conception ?<\/li>\n<li>Quelles sont les \u00e9tapes du suivi des travaux ?<\/li>\n<li>Que faut-il faire comme \u00e9tudes ?<\/li>\n<li>Et les stages ?<\/li>\n<li>Quels sont les employeurs de l\u2019architecte ?<\/li>\n<li>Concernant la formation continue ?<\/li>\n<li>Quelles sont les qualit\u00e9s d\u2019un architecte ?<\/li>\n<li>L\u2019interview d\u2019Alix<\/li>\n<li>L\u2019interview d\u2019Antoine<\/li>\n<li>Comment a \u00e9t\u00e9 construite la pyramide de Kh\u00e9ops ?<\/li>\n<li>Comment fonctionne un t\u00e9l\u00e9m\u00e8tre laser ?<\/li>\n<li>C\u2019est quoi une structure parasismique ?<\/li>\n<li>Existe-t-il plusieurs Mont Saint-Michel ?<\/li>\n<li>Quels sont les objectifs de l\u2019architecte du futur ?<\/li>\n<li>Le savais-tu ?<\/li>\n<\/ul>\n<p><a href=\"https:\/\/www.typogone-editions.com\/wp-content\/uploads\/2023\/04\/Fiche-argu_Archi.pdf\" target=\"_blank\" rel=\"noopener\">Fiche de pr\u00e9sentation<\/a><\/p>\n","protected":false},"excerpt":{"rendered":"<p>\u00c0 d\u00e9couvrir : les diff\u00e9rentes facettes du m\u00e9tier, des interviews d&rsquo;experts et des dossiers th\u00e9matiques en lien avec le programme scolaire.<\/p>\n<hr \/>\n<p style=\"padding-left: 40px;\"><strong>Format<\/strong> : 12,5 x 18 cm<br \/>\n<strong>Pagination<\/strong> : 48 pages<br \/>\n<strong>Fa\u00e7onnage<\/strong> : broch\u00e9<br \/>\n<strong>Illustrations<\/strong> : Valia<br \/>\n<strong>Parution<\/strong> : Avril 2022<br \/>\n<strong>ISBN<\/strong> : 978-2-9582435-0-0<\/p>\n<hr \/>\n<h3>9,90 \u20ac<\/h3>\n","protected":false},"featured_media":202,"template":"","meta":[],"product_brand":[],"product_cat":[16],"product_tag":[],"class_list":{"0":"post-139","1":"product","2":"type-product","3":"status-publish","4":"has-post-thumbnail","6":"product_cat-non-classe","8":"first","9":"instock","10":"taxable","11":"shipping-taxable","12":"product-type-simple"},"yoast_head":"<!-- This site is optimized with the Yoast SEO plugin v27.1 - https:\/\/yoast.com\/product\/yoast-seo-wordpress\/ -->\n<title>Un m\u00e9tier pour moi - Architecte - Typogone \u00e9ditions - Orientation - Livre jeunesse<\/title>\n<meta name=\"description\" content=\"Le m\u00e9tier d\u2019architecte (formation, mission, salaire, quotidien) expliqu\u00e9 aux jeunes de 10 \u00e0 15 ans sous forme de texte, d\u2019interview et de BD.\" \/>\n<meta name=\"robots\" content=\"index, follow, max-snippet:-1, max-image-preview:large, max-video-preview:-1\" \/>\n<link rel=\"canonical\" href=\"https:\/\/www.typogone-editions.com\/index.php\/produit\/architecte-un-metier-pour-moi\/\" \/>\n<meta property=\"og:locale\" content=\"fr_FR\" \/>\n<meta property=\"og:type\" content=\"article\" \/>\n<meta property=\"og:title\" content=\"Un m\u00e9tier pour moi - Architecte - Typogone \u00e9ditions - Orientation - Livre jeunesse\" \/>\n<meta property=\"og:description\" content=\"Le m\u00e9tier d\u2019architecte (formation, mission, salaire, quotidien) expliqu\u00e9 aux jeunes de 10 \u00e0 15 ans sous forme de texte, d\u2019interview et de BD.\" \/>\n<meta property=\"og:url\" content=\"https:\/\/www.typogone-editions.com\/index.php\/produit\/architecte-un-metier-pour-moi\/\" \/>\n<meta property=\"og:site_name\" content=\"Typogone \u00e9ditions\" \/>\n<meta property=\"article:modified_time\" content=\"2024-01-29T09:40:41+00:00\" \/>\n<meta property=\"og:image\" content=\"https:\/\/www.typogone-editions.com\/wp-content\/uploads\/2022\/03\/Couverture-Un-me\u0301tier-pour-moi-Architecte.png\" \/>\n\t<meta property=\"og:image:width\" content=\"800\" \/>\n\t<meta property=\"og:image:height\" content=\"1162\" \/>\n\t<meta property=\"og:image:type\" content=\"image\/png\" \/>\n<meta name=\"twitter:card\" content=\"summary_large_image\" \/>\n<meta name=\"twitter:label1\" content=\"Dur\u00e9e de lecture estim\u00e9e\" \/>\n\t<meta name=\"twitter:data1\" content=\"2 minutes\" \/>\n<script type=\"application\/ld+json\" class=\"yoast-schema-graph\">{\"@context\":\"https:\/\/schema.org\",\"@graph\":[{\"@type\":\"WebPage\",\"@id\":\"https:\/\/www.typogone-editions.com\/index.php\/produit\/architecte-un-metier-pour-moi\/\",\"url\":\"https:\/\/www.typogone-editions.com\/index.php\/produit\/architecte-un-metier-pour-moi\/\",\"name\":\"Un m\u00e9tier pour moi - Architecte - Typogone \u00e9ditions - Orientation - Livre jeunesse\",\"isPartOf\":{\"@id\":\"https:\/\/www.typogone-editions.com\/#website\"},\"primaryImageOfPage\":{\"@id\":\"https:\/\/www.typogone-editions.com\/index.php\/produit\/architecte-un-metier-pour-moi\/#primaryimage\"},\"image\":{\"@id\":\"https:\/\/www.typogone-editions.com\/index.php\/produit\/architecte-un-metier-pour-moi\/#primaryimage\"},\"thumbnailUrl\":\"https:\/\/www.typogone-editions.com\/wp-content\/uploads\/2022\/03\/Couverture-Un-me\u0301tier-pour-moi-Architecte.png\",\"datePublished\":\"2022-03-18T09:47:05+00:00\",\"dateModified\":\"2024-01-29T09:40:41+00:00\",\"description\":\"Le m\u00e9tier d\u2019architecte (formation, mission, salaire, quotidien) expliqu\u00e9 aux jeunes de 10 \u00e0 15 ans sous forme de texte, d\u2019interview et de BD.\",\"breadcrumb\":{\"@id\":\"https:\/\/www.typogone-editions.com\/index.php\/produit\/architecte-un-metier-pour-moi\/#breadcrumb\"},\"inLanguage\":\"fr-FR\",\"potentialAction\":[{\"@type\":\"ReadAction\",\"target\":[\"https:\/\/www.typogone-editions.com\/index.php\/produit\/architecte-un-metier-pour-moi\/\"]}]},{\"@type\":\"ImageObject\",\"inLanguage\":\"fr-FR\",\"@id\":\"https:\/\/www.typogone-editions.com\/index.php\/produit\/architecte-un-metier-pour-moi\/#primaryimage\",\"url\":\"https:\/\/www.typogone-editions.com\/wp-content\/uploads\/2022\/03\/Couverture-Un-me\u0301tier-pour-moi-Architecte.png\",\"contentUrl\":\"https:\/\/www.typogone-editions.com\/wp-content\/uploads\/2022\/03\/Couverture-Un-me\u0301tier-pour-moi-Architecte.png\",\"width\":800,\"height\":1162},{\"@type\":\"BreadcrumbList\",\"@id\":\"https:\/\/www.typogone-editions.com\/index.php\/produit\/architecte-un-metier-pour-moi\/#breadcrumb\",\"itemListElement\":[{\"@type\":\"ListItem\",\"position\":1,\"name\":\"Accueil\",\"item\":\"https:\/\/www.typogone-editions.com\/\"},{\"@type\":\"ListItem\",\"position\":2,\"name\":\"Un m\u00e9tier pour moi &#8211; Architecte\"}]},{\"@type\":\"WebSite\",\"@id\":\"https:\/\/www.typogone-editions.com\/#website\",\"url\":\"https:\/\/www.typogone-editions.com\/\",\"name\":\"Typogone \u00e9ditions\",\"description\":\"Maison d&#039;\u00e9dition\",\"publisher\":{\"@id\":\"https:\/\/www.typogone-editions.com\/#organization\"},\"potentialAction\":[{\"@type\":\"SearchAction\",\"target\":{\"@type\":\"EntryPoint\",\"urlTemplate\":\"https:\/\/www.typogone-editions.com\/?s={search_term_string}\"},\"query-input\":{\"@type\":\"PropertyValueSpecification\",\"valueRequired\":true,\"valueName\":\"search_term_string\"}}],\"inLanguage\":\"fr-FR\"},{\"@type\":\"Organization\",\"@id\":\"https:\/\/www.typogone-editions.com\/#organization\",\"name\":\"Typogone \u00e9ditions\",\"url\":\"https:\/\/www.typogone-editions.com\/\",\"logo\":{\"@type\":\"ImageObject\",\"inLanguage\":\"fr-FR\",\"@id\":\"https:\/\/www.typogone-editions.com\/#\/schema\/logo\/image\/\",\"url\":\"https:\/\/www.typogone-editions.com\/wp-content\/uploads\/2022\/03\/Logo-typogone-vecto.jpeg\",\"contentUrl\":\"https:\/\/www.typogone-editions.com\/wp-content\/uploads\/2022\/03\/Logo-typogone-vecto.jpeg\",\"width\":1038,\"height\":1038,\"caption\":\"Typogone \u00e9ditions\"},\"image\":{\"@id\":\"https:\/\/www.typogone-editions.com\/#\/schema\/logo\/image\/\"}}]}<\/script>\n<!-- \/ Yoast SEO plugin. -->","yoast_head_json":{"title":"Un m\u00e9tier pour moi - Architecte - Typogone \u00e9ditions - Orientation - Livre jeunesse","description":"Le m\u00e9tier d\u2019architecte (formation, mission, salaire, quotidien) expliqu\u00e9 aux jeunes de 10 \u00e0 15 ans sous forme de texte, d\u2019interview et de BD.","robots":{"index":"index","follow":"follow","max-snippet":"max-snippet:-1","max-image-preview":"max-image-preview:large","max-video-preview":"max-video-preview:-1"},"canonical":"https:\/\/www.typogone-editions.com\/index.php\/produit\/architecte-un-metier-pour-moi\/","og_locale":"fr_FR","og_type":"article","og_title":"Un m\u00e9tier pour moi - Architecte - Typogone \u00e9ditions - Orientation - Livre jeunesse","og_description":"Le m\u00e9tier d\u2019architecte (formation, mission, salaire, quotidien) expliqu\u00e9 aux jeunes de 10 \u00e0 15 ans sous forme de texte, d\u2019interview et de BD.","og_url":"https:\/\/www.typogone-editions.com\/index.php\/produit\/architecte-un-metier-pour-moi\/","og_site_name":"Typogone \u00e9ditions","article_modified_time":"2024-01-29T09:40:41+00:00","og_image":[{"width":800,"height":1162,"url":"https:\/\/www.typogone-editions.com\/wp-content\/uploads\/2022\/03\/Couverture-Un-me\u0301tier-pour-moi-Architecte.png","type":"image\/png"}],"twitter_card":"summary_large_image","twitter_misc":{"Dur\u00e9e de lecture estim\u00e9e":"2 minutes"},"schema":{"@context":"https:\/\/schema.org","@graph":[{"@type":"WebPage","@id":"https:\/\/www.typogone-editions.com\/index.php\/produit\/architecte-un-metier-pour-moi\/","url":"https:\/\/www.typogone-editions.com\/index.php\/produit\/architecte-un-metier-pour-moi\/","name":"Un m\u00e9tier pour moi - Architecte - Typogone \u00e9ditions - Orientation - Livre jeunesse","isPartOf":{"@id":"https:\/\/www.typogone-editions.com\/#website"},"primaryImageOfPage":{"@id":"https:\/\/www.typogone-editions.com\/index.php\/produit\/architecte-un-metier-pour-moi\/#primaryimage"},"image":{"@id":"https:\/\/www.typogone-editions.com\/index.php\/produit\/architecte-un-metier-pour-moi\/#primaryimage"},"thumbnailUrl":"https:\/\/www.typogone-editions.com\/wp-content\/uploads\/2022\/03\/Couverture-Un-me\u0301tier-pour-moi-Architecte.png","datePublished":"2022-03-18T09:47:05+00:00","dateModified":"2024-01-29T09:40:41+00:00","description":"Le m\u00e9tier d\u2019architecte (formation, mission, salaire, quotidien) expliqu\u00e9 aux jeunes de 10 \u00e0 15 ans sous forme de texte, d\u2019interview et de BD.","breadcrumb":{"@id":"https:\/\/www.typogone-editions.com\/index.php\/produit\/architecte-un-metier-pour-moi\/#breadcrumb"},"inLanguage":"fr-FR","potentialAction":[{"@type":"ReadAction","target":["https:\/\/www.typogone-editions.com\/index.php\/produit\/architecte-un-metier-pour-moi\/"]}]},{"@type":"ImageObject","inLanguage":"fr-FR","@id":"https:\/\/www.typogone-editions.com\/index.php\/produit\/architecte-un-metier-pour-moi\/#primaryimage","url":"https:\/\/www.typogone-editions.com\/wp-content\/uploads\/2022\/03\/Couverture-Un-me\u0301tier-pour-moi-Architecte.png","contentUrl":"https:\/\/www.typogone-editions.com\/wp-content\/uploads\/2022\/03\/Couverture-Un-me\u0301tier-pour-moi-Architecte.png","width":800,"height":1162},{"@type":"BreadcrumbList","@id":"https:\/\/www.typogone-editions.com\/index.php\/produit\/architecte-un-metier-pour-moi\/#breadcrumb","itemListElement":[{"@type":"ListItem","position":1,"name":"Accueil","item":"https:\/\/www.typogone-editions.com\/"},{"@type":"ListItem","position":2,"name":"Un m\u00e9tier pour moi &#8211; Architecte"}]},{"@type":"WebSite","@id":"https:\/\/www.typogone-editions.com\/#website","url":"https:\/\/www.typogone-editions.com\/","name":"Typogone \u00e9ditions","description":"Maison d&#039;\u00e9dition","publisher":{"@id":"https:\/\/www.typogone-editions.com\/#organization"},"potentialAction":[{"@type":"SearchAction","target":{"@type":"EntryPoint","urlTemplate":"https:\/\/www.typogone-editions.com\/?s={search_term_string}"},"query-input":{"@type":"PropertyValueSpecification","valueRequired":true,"valueName":"search_term_string"}}],"inLanguage":"fr-FR"},{"@type":"Organization","@id":"https:\/\/www.typogone-editions.com\/#organization","name":"Typogone \u00e9ditions","url":"https:\/\/www.typogone-editions.com\/","logo":{"@type":"ImageObject","inLanguage":"fr-FR","@id":"https:\/\/www.typogone-editions.com\/#\/schema\/logo\/image\/","url":"https:\/\/www.typogone-editions.com\/wp-content\/uploads\/2022\/03\/Logo-typogone-vecto.jpeg","contentUrl":"https:\/\/www.typogone-editions.com\/wp-content\/uploads\/2022\/03\/Logo-typogone-vecto.jpeg","width":1038,"height":1038,"caption":"Typogone \u00e9ditions"},"image":{"@id":"https:\/\/www.typogone-editions.com\/#\/schema\/logo\/image\/"}}]}},"_links":{"self":[{"href":"https:\/\/www.typogone-editions.com\/index.php\/wp-json\/wp\/v2\/product\/139","targetHints":{"allow":["GET"]}}],"collection":[{"href":"https:\/\/www.typogone-editions.com\/index.php\/wp-json\/wp\/v2\/product"}],"about":[{"href":"https:\/\/www.typogone-editions.com\/index.php\/wp-json\/wp\/v2\/types\/product"}],"wp:featuredmedia":[{"embeddable":true,"href":"https:\/\/www.typogone-editions.com\/index.php\/wp-json\/wp\/v2\/media\/202"}],"wp:attachment":[{"href":"https:\/\/www.typogone-editions.com\/index.php\/wp-json\/wp\/v2\/media?parent=139"}],"wp:term":[{"taxonomy":"product_brand","embeddable":true,"href":"https:\/\/www.typogone-editions.com\/index.php\/wp-json\/wp\/v2\/product_brand?post=139"},{"taxonomy":"product_cat","embeddable":true,"href":"https:\/\/www.typogone-editions.com\/index.php\/wp-json\/wp\/v2\/product_cat?post=139"},{"taxonomy":"product_tag","embeddable":true,"href":"https:\/\/www.typogone-editions.com\/index.php\/wp-json\/wp\/v2\/product_tag?post=139"}],"curies":[{"name":"wp","href":"https:\/\/api.w.org\/{rel}","templated":true}]}}