{"id":422,"date":"2022-10-20T10:25:35","date_gmt":"2022-10-20T08:25:35","guid":{"rendered":"https:\/\/www.typogone-editions.com\/?post_type=product&#038;p=422"},"modified":"2024-01-29T10:39:42","modified_gmt":"2024-01-29T09:39:42","slug":"un-metier-pour-moi-chef-cuisinier","status":"publish","type":"product","link":"https:\/\/www.typogone-editions.com\/index.php\/produit\/un-metier-pour-moi-chef-cuisinier\/","title":{"rendered":"Un m\u00e9tier pour moi &#8211; Chef Cuisinier"},"content":{"rendered":"<h4>R\u00e9sum\u00e9 du livre<\/h4>\n<p>La premi\u00e8re partie aborde les th\u00e9matiques g\u00e9n\u00e9rales du m\u00e9tier de chef cuisinier : les missions, les comp\u00e9tences requises, les diff\u00e9rents cursus scolaires, le salaire, l\u2019obtention des \u00e9toiles. Puis, une immersion plus sp\u00e9cifique \u00e0 la profession est propos\u00e9e pour expliquer le quotidien du chef dans un grand \u00e9tablissement mais aussi dans un petit restaurant.<\/p>\n<p>En deuxi\u00e8me partie du livre, une bande dessin\u00e9e pr\u00e9sente deux chefs cuisiniers, leur parcours et leurs exp\u00e9riences. \u00c9lise, engag\u00e9e en mati\u00e8re d\u2019\u00e9cologie, retrace le circuit des mati\u00e8res premi\u00e8res, de l\u2019achat aupr\u00e8s des fournisseurs jusqu\u2019\u00e0 l\u2019assiette servie au client. Quant \u00e0 Oscar, cuisinier cr\u00e9atif, il propose les clefs de la r\u00e9ussite d\u2019un menu adapt\u00e9 aux sp\u00e9cificit\u00e9s d\u2019un restaurant.<\/p>\n<p>Enfin, par un principe de double page ludique, la troisi\u00e8me partie cr\u00e9e une passerelle avec l\u2019\u00e9cole (histoire, physique, chimie, sciences de la vie et de la terre) au travers des mat\u00e9riaux utilis\u00e9s pour la cuisson des aliments, le principe de la cuisine mol\u00e9culaire ou encore les aliments dangereux.<\/p>\n<h4><strong>La collection &#8211; <a href=\"https:\/\/www.typogone-editions.com\/index.php\/la-collection-un-metier-pour-moi\/\">Un m\u00e9tier pour moi !<\/a><\/strong><\/h4>\n<p>Elle s\u2019adresse aux jeunes adolescents et r\u00e9pond aux questions qu\u2019ils se posent sur diff\u00e9rents m\u00e9tiers gr\u00e2ce \u00e0 une pr\u00e9sentation d\u00e9taill\u00e9e de la profession, des entretiens avec des experts sous forme de bande dessin\u00e9e et des sujets concrets en lien avec le programme scolaire.<\/p>\n<h4>Sommaire<\/h4>\n<ul>\n<li>C\u2019est qui le chef cuisinier ?<\/li>\n<li>Quelles sont les missions du chef cuisinier ?<\/li>\n<li>Quelles sont les connaissances et les comp\u00e9tences n\u00e9cessaires ?<\/li>\n<li>Quel est son quotidien dans un grand \u00e9tablissement ?<\/li>\n<li>Quel est son quotidien dans un petit restaurant ?<\/li>\n<li>Que faut-il faire comme \u00e9tudes ?<\/li>\n<li>Comment devient-on chef cuisinier ?<\/li>\n<li>Comment devient-on chef \u00e9toil\u00e9 ?<\/li>\n<li>Quels sont les employeurs du chef cuisinier ?<\/li>\n<li>Combien gagne-t-il ?<\/li>\n<li>Quelles sont les qualit\u00e9s d\u2019un chef cuisinier ?<\/li>\n<li>Les interviews d\u2019\u00c9lise et Oscar<\/li>\n<li>Qu\u2019est-ce que la cuisine mol\u00e9culaire ?<\/li>\n<li>Quel est le r\u00f4le du chef dans le respect de l\u2019environnement ?<\/li>\n<li>Comment a \u00e9volu\u00e9 la cuisine fran\u00e7aise au fil du temps ?<\/li>\n<li>Les aliments peuvent-ils \u00eatre dangereux ?<\/li>\n<li>Quels sont les mat\u00e9riaux utilis\u00e9s en cuisine ?<\/li>\n<li>Le savais-tu ?<\/li>\n<\/ul>\n<p><a href=\"https:\/\/www.typogone-editions.com\/wp-content\/uploads\/2023\/04\/Fiche-argu_chef.pdf\" target=\"_blank\" rel=\"noopener\">Fiche de pr\u00e9sentation<\/a><\/p>\n","protected":false},"excerpt":{"rendered":"<p>\u00c0 d\u00e9couvrir : les diff\u00e9rentes facettes du m\u00e9tier, des interviews d&rsquo;experts et des dossiers th\u00e9matiques en lien avec le programme scolaire.<\/p>\n<hr \/>\n<p><strong>Format<\/strong> : 12,5 x 18 cm<br \/>\n<strong>Pagination<\/strong> : 48 pages<br \/>\n<strong>Fa\u00e7onnage<\/strong> : broch\u00e9<br \/>\n<strong>Illustrations<\/strong> : Valia<br \/>\n<strong>Parution<\/strong> : Novembre 2022<br \/>\n<strong>ISBN<\/strong> : 978-2-9582435-3-1<\/p>\n<hr \/>\n<h3>9,90 \u20ac<\/h3>\n","protected":false},"featured_media":426,"template":"","meta":[],"product_brand":[],"product_cat":[16],"product_tag":[],"class_list":{"0":"post-422","1":"product","2":"type-product","3":"status-publish","4":"has-post-thumbnail","6":"product_cat-non-classe","8":"first","9":"instock","10":"taxable","11":"shipping-taxable","12":"product-type-simple"},"yoast_head":"<!-- This site is optimized with the Yoast SEO plugin v27.1 - https:\/\/yoast.com\/product\/yoast-seo-wordpress\/ -->\n<title>Un m\u00e9tier pour moi - Chef Cuisinier - Typogone \u00e9ditions - Orientation jeunesse - Livre<\/title>\n<meta name=\"description\" content=\"Chef cuisinier, un m\u00e9tier (formation, mission, salaire, quotidien) expliqu\u00e9 aux lecteurs de 10 \u00e0 15 ans avec des textes concis, des interviews et de la BD.\" \/>\n<meta name=\"robots\" content=\"index, follow, max-snippet:-1, max-image-preview:large, max-video-preview:-1\" \/>\n<link rel=\"canonical\" href=\"https:\/\/www.typogone-editions.com\/index.php\/produit\/un-metier-pour-moi-chef-cuisinier\/\" \/>\n<meta property=\"og:locale\" content=\"fr_FR\" \/>\n<meta property=\"og:type\" content=\"article\" \/>\n<meta property=\"og:title\" content=\"Un m\u00e9tier pour moi - Chef Cuisinier - Typogone \u00e9ditions - Orientation jeunesse - Livre\" \/>\n<meta property=\"og:description\" content=\"Chef cuisinier, un m\u00e9tier (formation, mission, salaire, quotidien) expliqu\u00e9 aux lecteurs de 10 \u00e0 15 ans avec des textes concis, des interviews et de la BD.\" \/>\n<meta property=\"og:url\" content=\"https:\/\/www.typogone-editions.com\/index.php\/produit\/un-metier-pour-moi-chef-cuisinier\/\" \/>\n<meta property=\"og:site_name\" content=\"Typogone \u00e9ditions\" \/>\n<meta property=\"article:modified_time\" content=\"2024-01-29T09:39:42+00:00\" \/>\n<meta property=\"og:image\" content=\"https:\/\/www.typogone-editions.com\/wp-content\/uploads\/2022\/10\/978-2-9582435-3-1_1_75.jpg\" \/>\n\t<meta property=\"og:image:width\" content=\"600\" \/>\n\t<meta property=\"og:image:height\" content=\"868\" \/>\n\t<meta property=\"og:image:type\" content=\"image\/jpeg\" \/>\n<meta name=\"twitter:card\" content=\"summary_large_image\" \/>\n<meta name=\"twitter:label1\" content=\"Dur\u00e9e de lecture estim\u00e9e\" \/>\n\t<meta name=\"twitter:data1\" content=\"2 minutes\" \/>\n<script type=\"application\/ld+json\" class=\"yoast-schema-graph\">{\"@context\":\"https:\/\/schema.org\",\"@graph\":[{\"@type\":\"WebPage\",\"@id\":\"https:\/\/www.typogone-editions.com\/index.php\/produit\/un-metier-pour-moi-chef-cuisinier\/\",\"url\":\"https:\/\/www.typogone-editions.com\/index.php\/produit\/un-metier-pour-moi-chef-cuisinier\/\",\"name\":\"Un m\u00e9tier pour moi - Chef Cuisinier - Typogone \u00e9ditions - Orientation jeunesse - Livre\",\"isPartOf\":{\"@id\":\"https:\/\/www.typogone-editions.com\/#website\"},\"primaryImageOfPage\":{\"@id\":\"https:\/\/www.typogone-editions.com\/index.php\/produit\/un-metier-pour-moi-chef-cuisinier\/#primaryimage\"},\"image\":{\"@id\":\"https:\/\/www.typogone-editions.com\/index.php\/produit\/un-metier-pour-moi-chef-cuisinier\/#primaryimage\"},\"thumbnailUrl\":\"https:\/\/www.typogone-editions.com\/wp-content\/uploads\/2022\/10\/978-2-9582435-3-1_1_75.jpg\",\"datePublished\":\"2022-10-20T08:25:35+00:00\",\"dateModified\":\"2024-01-29T09:39:42+00:00\",\"description\":\"Chef cuisinier, un m\u00e9tier (formation, mission, salaire, quotidien) expliqu\u00e9 aux lecteurs de 10 \u00e0 15 ans avec des textes concis, des interviews et de la BD.\",\"breadcrumb\":{\"@id\":\"https:\/\/www.typogone-editions.com\/index.php\/produit\/un-metier-pour-moi-chef-cuisinier\/#breadcrumb\"},\"inLanguage\":\"fr-FR\",\"potentialAction\":[{\"@type\":\"ReadAction\",\"target\":[\"https:\/\/www.typogone-editions.com\/index.php\/produit\/un-metier-pour-moi-chef-cuisinier\/\"]}]},{\"@type\":\"ImageObject\",\"inLanguage\":\"fr-FR\",\"@id\":\"https:\/\/www.typogone-editions.com\/index.php\/produit\/un-metier-pour-moi-chef-cuisinier\/#primaryimage\",\"url\":\"https:\/\/www.typogone-editions.com\/wp-content\/uploads\/2022\/10\/978-2-9582435-3-1_1_75.jpg\",\"contentUrl\":\"https:\/\/www.typogone-editions.com\/wp-content\/uploads\/2022\/10\/978-2-9582435-3-1_1_75.jpg\",\"width\":600,\"height\":868},{\"@type\":\"BreadcrumbList\",\"@id\":\"https:\/\/www.typogone-editions.com\/index.php\/produit\/un-metier-pour-moi-chef-cuisinier\/#breadcrumb\",\"itemListElement\":[{\"@type\":\"ListItem\",\"position\":1,\"name\":\"Accueil\",\"item\":\"https:\/\/www.typogone-editions.com\/\"},{\"@type\":\"ListItem\",\"position\":2,\"name\":\"Un m\u00e9tier pour moi &#8211; Chef Cuisinier\"}]},{\"@type\":\"WebSite\",\"@id\":\"https:\/\/www.typogone-editions.com\/#website\",\"url\":\"https:\/\/www.typogone-editions.com\/\",\"name\":\"Typogone \u00e9ditions\",\"description\":\"Maison d&#039;\u00e9dition\",\"publisher\":{\"@id\":\"https:\/\/www.typogone-editions.com\/#organization\"},\"potentialAction\":[{\"@type\":\"SearchAction\",\"target\":{\"@type\":\"EntryPoint\",\"urlTemplate\":\"https:\/\/www.typogone-editions.com\/?s={search_term_string}\"},\"query-input\":{\"@type\":\"PropertyValueSpecification\",\"valueRequired\":true,\"valueName\":\"search_term_string\"}}],\"inLanguage\":\"fr-FR\"},{\"@type\":\"Organization\",\"@id\":\"https:\/\/www.typogone-editions.com\/#organization\",\"name\":\"Typogone \u00e9ditions\",\"url\":\"https:\/\/www.typogone-editions.com\/\",\"logo\":{\"@type\":\"ImageObject\",\"inLanguage\":\"fr-FR\",\"@id\":\"https:\/\/www.typogone-editions.com\/#\/schema\/logo\/image\/\",\"url\":\"https:\/\/www.typogone-editions.com\/wp-content\/uploads\/2022\/03\/Logo-typogone-vecto.jpeg\",\"contentUrl\":\"https:\/\/www.typogone-editions.com\/wp-content\/uploads\/2022\/03\/Logo-typogone-vecto.jpeg\",\"width\":1038,\"height\":1038,\"caption\":\"Typogone \u00e9ditions\"},\"image\":{\"@id\":\"https:\/\/www.typogone-editions.com\/#\/schema\/logo\/image\/\"}}]}<\/script>\n<!-- \/ Yoast SEO plugin. -->","yoast_head_json":{"title":"Un m\u00e9tier pour moi - Chef Cuisinier - Typogone \u00e9ditions - Orientation jeunesse - Livre","description":"Chef cuisinier, un m\u00e9tier (formation, mission, salaire, quotidien) expliqu\u00e9 aux lecteurs de 10 \u00e0 15 ans avec des textes concis, des interviews et de la BD.","robots":{"index":"index","follow":"follow","max-snippet":"max-snippet:-1","max-image-preview":"max-image-preview:large","max-video-preview":"max-video-preview:-1"},"canonical":"https:\/\/www.typogone-editions.com\/index.php\/produit\/un-metier-pour-moi-chef-cuisinier\/","og_locale":"fr_FR","og_type":"article","og_title":"Un m\u00e9tier pour moi - Chef Cuisinier - Typogone \u00e9ditions - Orientation jeunesse - Livre","og_description":"Chef cuisinier, un m\u00e9tier (formation, mission, salaire, quotidien) expliqu\u00e9 aux lecteurs de 10 \u00e0 15 ans avec des textes concis, des interviews et de la BD.","og_url":"https:\/\/www.typogone-editions.com\/index.php\/produit\/un-metier-pour-moi-chef-cuisinier\/","og_site_name":"Typogone \u00e9ditions","article_modified_time":"2024-01-29T09:39:42+00:00","og_image":[{"width":600,"height":868,"url":"https:\/\/www.typogone-editions.com\/wp-content\/uploads\/2022\/10\/978-2-9582435-3-1_1_75.jpg","type":"image\/jpeg"}],"twitter_card":"summary_large_image","twitter_misc":{"Dur\u00e9e de lecture estim\u00e9e":"2 minutes"},"schema":{"@context":"https:\/\/schema.org","@graph":[{"@type":"WebPage","@id":"https:\/\/www.typogone-editions.com\/index.php\/produit\/un-metier-pour-moi-chef-cuisinier\/","url":"https:\/\/www.typogone-editions.com\/index.php\/produit\/un-metier-pour-moi-chef-cuisinier\/","name":"Un m\u00e9tier pour moi - Chef Cuisinier - Typogone \u00e9ditions - Orientation jeunesse - Livre","isPartOf":{"@id":"https:\/\/www.typogone-editions.com\/#website"},"primaryImageOfPage":{"@id":"https:\/\/www.typogone-editions.com\/index.php\/produit\/un-metier-pour-moi-chef-cuisinier\/#primaryimage"},"image":{"@id":"https:\/\/www.typogone-editions.com\/index.php\/produit\/un-metier-pour-moi-chef-cuisinier\/#primaryimage"},"thumbnailUrl":"https:\/\/www.typogone-editions.com\/wp-content\/uploads\/2022\/10\/978-2-9582435-3-1_1_75.jpg","datePublished":"2022-10-20T08:25:35+00:00","dateModified":"2024-01-29T09:39:42+00:00","description":"Chef cuisinier, un m\u00e9tier (formation, mission, salaire, quotidien) expliqu\u00e9 aux lecteurs de 10 \u00e0 15 ans avec des textes concis, des interviews et de la BD.","breadcrumb":{"@id":"https:\/\/www.typogone-editions.com\/index.php\/produit\/un-metier-pour-moi-chef-cuisinier\/#breadcrumb"},"inLanguage":"fr-FR","potentialAction":[{"@type":"ReadAction","target":["https:\/\/www.typogone-editions.com\/index.php\/produit\/un-metier-pour-moi-chef-cuisinier\/"]}]},{"@type":"ImageObject","inLanguage":"fr-FR","@id":"https:\/\/www.typogone-editions.com\/index.php\/produit\/un-metier-pour-moi-chef-cuisinier\/#primaryimage","url":"https:\/\/www.typogone-editions.com\/wp-content\/uploads\/2022\/10\/978-2-9582435-3-1_1_75.jpg","contentUrl":"https:\/\/www.typogone-editions.com\/wp-content\/uploads\/2022\/10\/978-2-9582435-3-1_1_75.jpg","width":600,"height":868},{"@type":"BreadcrumbList","@id":"https:\/\/www.typogone-editions.com\/index.php\/produit\/un-metier-pour-moi-chef-cuisinier\/#breadcrumb","itemListElement":[{"@type":"ListItem","position":1,"name":"Accueil","item":"https:\/\/www.typogone-editions.com\/"},{"@type":"ListItem","position":2,"name":"Un m\u00e9tier pour moi &#8211; Chef Cuisinier"}]},{"@type":"WebSite","@id":"https:\/\/www.typogone-editions.com\/#website","url":"https:\/\/www.typogone-editions.com\/","name":"Typogone \u00e9ditions","description":"Maison d&#039;\u00e9dition","publisher":{"@id":"https:\/\/www.typogone-editions.com\/#organization"},"potentialAction":[{"@type":"SearchAction","target":{"@type":"EntryPoint","urlTemplate":"https:\/\/www.typogone-editions.com\/?s={search_term_string}"},"query-input":{"@type":"PropertyValueSpecification","valueRequired":true,"valueName":"search_term_string"}}],"inLanguage":"fr-FR"},{"@type":"Organization","@id":"https:\/\/www.typogone-editions.com\/#organization","name":"Typogone \u00e9ditions","url":"https:\/\/www.typogone-editions.com\/","logo":{"@type":"ImageObject","inLanguage":"fr-FR","@id":"https:\/\/www.typogone-editions.com\/#\/schema\/logo\/image\/","url":"https:\/\/www.typogone-editions.com\/wp-content\/uploads\/2022\/03\/Logo-typogone-vecto.jpeg","contentUrl":"https:\/\/www.typogone-editions.com\/wp-content\/uploads\/2022\/03\/Logo-typogone-vecto.jpeg","width":1038,"height":1038,"caption":"Typogone \u00e9ditions"},"image":{"@id":"https:\/\/www.typogone-editions.com\/#\/schema\/logo\/image\/"}}]}},"_links":{"self":[{"href":"https:\/\/www.typogone-editions.com\/index.php\/wp-json\/wp\/v2\/product\/422","targetHints":{"allow":["GET"]}}],"collection":[{"href":"https:\/\/www.typogone-editions.com\/index.php\/wp-json\/wp\/v2\/product"}],"about":[{"href":"https:\/\/www.typogone-editions.com\/index.php\/wp-json\/wp\/v2\/types\/product"}],"wp:featuredmedia":[{"embeddable":true,"href":"https:\/\/www.typogone-editions.com\/index.php\/wp-json\/wp\/v2\/media\/426"}],"wp:attachment":[{"href":"https:\/\/www.typogone-editions.com\/index.php\/wp-json\/wp\/v2\/media?parent=422"}],"wp:term":[{"taxonomy":"product_brand","embeddable":true,"href":"https:\/\/www.typogone-editions.com\/index.php\/wp-json\/wp\/v2\/product_brand?post=422"},{"taxonomy":"product_cat","embeddable":true,"href":"https:\/\/www.typogone-editions.com\/index.php\/wp-json\/wp\/v2\/product_cat?post=422"},{"taxonomy":"product_tag","embeddable":true,"href":"https:\/\/www.typogone-editions.com\/index.php\/wp-json\/wp\/v2\/product_tag?post=422"}],"curies":[{"name":"wp","href":"https:\/\/api.w.org\/{rel}","templated":true}]}}