{"id":429,"date":"2022-10-20T10:39:52","date_gmt":"2022-10-20T08:39:52","guid":{"rendered":"https:\/\/www.typogone-editions.com\/?post_type=product&#038;p=429"},"modified":"2024-01-29T10:39:17","modified_gmt":"2024-01-29T09:39:17","slug":"un-metier-pour-moi-danseur","status":"publish","type":"product","link":"https:\/\/www.typogone-editions.com\/index.php\/produit\/un-metier-pour-moi-danseur\/","title":{"rendered":"Un m\u00e9tier pour moi &#8211; Danseur"},"content":{"rendered":"<h4>R\u00e9sum\u00e9 du livre<\/h4>\n<p>La premi\u00e8re partie aborde les th\u00e9matiques g\u00e9n\u00e9rales du m\u00e9tier de danseur : les missions, les comp\u00e9tences requises, les diff\u00e9rents cursus scolaires, le salaire, les reconversions possibles. Puis, une immersion plus sp\u00e9cifique \u00e0 la profession est propos\u00e9e pour expliquer le quotidien du danseur avant une repr\u00e9sentation et les diff\u00e9rentes formes de danse.<\/p>\n<p>En deuxi\u00e8me partie du livre, une bande dessin\u00e9e pr\u00e9sente deux danseurs, leur parcours et leurs exp\u00e9riences. Z\u00e9lie, danseuse classique de formation et devenue enseignante, explique les diff\u00e9rentes techniques pour exploiter chaque partie du corps. Quant \u00e0 Anatole, danseur contemporain, il raconte les sp\u00e9cificit\u00e9s de l\u2019exercice de son m\u00e9tier et comment il envisage sa nouvelle carri\u00e8re de chor\u00e9graphe.<\/p>\n<p>Enfin, par un principe de double page ludique, la troisi\u00e8me partie cr\u00e9e une passerelle avec l\u2019\u00e9cole (math\u00e9matiques, technologie, histoire, sciences de la vie et de la terre) au travers de l\u2019histoire du break dance, du principe de capture num\u00e9rique des mouvements ou encore de l\u2019explication du centre de gravit\u00e9.<\/p>\n<h4><strong>La collection &#8211; <a href=\"https:\/\/www.typogone-editions.com\/index.php\/la-collection-un-metier-pour-moi\/\">Un m\u00e9tier pour moi !<\/a><\/strong><\/h4>\n<p>Elle s\u2019adresse aux jeunes adolescents et r\u00e9pond aux questions qu\u2019ils se posent sur diff\u00e9rents m\u00e9tiers gr\u00e2ce \u00e0 une pr\u00e9sentation d\u00e9taill\u00e9e de la profession, des entretiens avec des experts sous forme de bande dessin\u00e9e et des sujets concrets en lien avec le programme scolaire.<\/p>\n<h4>Sommaire<\/h4>\n<ul>\n<li>C\u2019est qui le danseur ?<\/li>\n<li>Quelles sont les missions du danseur ?<\/li>\n<li>Quelles sont les connaissances et les comp\u00e9tences n\u00e9cessaires ?<\/li>\n<li>Quel est le quotidien du danseur avant une repr\u00e9sentation ?<\/li>\n<li>Un m\u00e9tier diff\u00e9rent selon la danse ?<\/li>\n<li>Que faut-il faire comme \u00e9tudes ?<\/li>\n<li>Quelles sont les reconversions possibles ?<\/li>\n<li>Quels sont les employeurs du danseur ?<\/li>\n<li>Combien gagne-t-il ?<\/li>\n<li>Quelles sont les qualit\u00e9s d\u2019un danseur ?<\/li>\n<li>Les interviews de Z\u00e9lie et Anatole<\/li>\n<li>La technique est-elle suffisante pour danser ?<\/li>\n<li>Quelle est l\u2019importance de la musique dans la danse ?<\/li>\n<li>C\u2019est quoi le break dance ?<\/li>\n<li>Pourquoi les danseurs s\u2019\u00e9tirent-ils ?<\/li>\n<li>Quelles sont les clefs de la r\u00e9ussite d\u2019un mouvement en danse ?<\/li>\n<li>Le savais-tu ?<\/li>\n<\/ul>\n<p><a href=\"https:\/\/www.typogone-editions.com\/wp-content\/uploads\/2023\/04\/Fiche-argu_danseur.pdf\" target=\"_blank\" rel=\"noopener\">Fiche de pr\u00e9sentation<\/a><\/p>\n","protected":false},"excerpt":{"rendered":"<p>\u00c0 d\u00e9couvrir : les diff\u00e9rentes facettes du m\u00e9tier, des interviews d&rsquo;experts et des dossiers th\u00e9matiques en lien avec le programme scolaire.<\/p>\n<hr \/>\n<p><strong>Format<\/strong> : 12,5 x 18 cm<br \/>\n<strong>Pagination<\/strong> : 48 pages<br \/>\n<strong>Fa\u00e7onnage<\/strong> : broch\u00e9<br \/>\n<strong>Illustrations<\/strong> : Valia<br \/>\n<strong>Parution<\/strong> : Novembre 2022<br \/>\n<strong>ISBN<\/strong> : 978-2-9582435-4-8<\/p>\n<hr \/>\n<h3>9,90 \u20ac<\/h3>\n","protected":false},"featured_media":427,"template":"","meta":[],"product_brand":[],"product_cat":[16],"product_tag":[],"class_list":{"0":"post-429","1":"product","2":"type-product","3":"status-publish","4":"has-post-thumbnail","6":"product_cat-non-classe","8":"first","9":"instock","10":"taxable","11":"shipping-taxable","12":"product-type-simple"},"yoast_head":"<!-- This site is optimized with the Yoast SEO plugin v27.1 - https:\/\/yoast.com\/product\/yoast-seo-wordpress\/ -->\n<title>Un m\u00e9tier pour moi - Danseur - Typogone \u00e9ditions - Orientation jeunesse - Livre<\/title>\n<meta name=\"description\" content=\"Danseur, un m\u00e9tier artistique expliqu\u00e9 aux lecteurs de 10 \u00e0 15 ans avec des textes illustr\u00e9s, des interviews d&#039;experts et de la BD.\" \/>\n<meta name=\"robots\" content=\"index, follow, max-snippet:-1, max-image-preview:large, max-video-preview:-1\" \/>\n<link rel=\"canonical\" href=\"https:\/\/www.typogone-editions.com\/index.php\/produit\/un-metier-pour-moi-danseur\/\" \/>\n<meta property=\"og:locale\" content=\"fr_FR\" \/>\n<meta property=\"og:type\" content=\"article\" \/>\n<meta property=\"og:title\" content=\"Un m\u00e9tier pour moi - Danseur - Typogone \u00e9ditions - Orientation jeunesse - Livre\" \/>\n<meta property=\"og:description\" content=\"Danseur, un m\u00e9tier artistique expliqu\u00e9 aux lecteurs de 10 \u00e0 15 ans avec des textes illustr\u00e9s, des interviews d&#039;experts et de la BD.\" \/>\n<meta property=\"og:url\" content=\"https:\/\/www.typogone-editions.com\/index.php\/produit\/un-metier-pour-moi-danseur\/\" \/>\n<meta property=\"og:site_name\" content=\"Typogone \u00e9ditions\" \/>\n<meta property=\"article:modified_time\" content=\"2024-01-29T09:39:17+00:00\" \/>\n<meta property=\"og:image\" content=\"https:\/\/www.typogone-editions.com\/wp-content\/uploads\/2022\/10\/978-2-9582435-4-8_1_75.jpg\" \/>\n\t<meta property=\"og:image:width\" content=\"600\" \/>\n\t<meta property=\"og:image:height\" content=\"868\" \/>\n\t<meta property=\"og:image:type\" content=\"image\/jpeg\" \/>\n<meta name=\"twitter:card\" content=\"summary_large_image\" \/>\n<meta name=\"twitter:label1\" content=\"Dur\u00e9e de lecture estim\u00e9e\" \/>\n\t<meta name=\"twitter:data1\" content=\"2 minutes\" \/>\n<script type=\"application\/ld+json\" class=\"yoast-schema-graph\">{\"@context\":\"https:\/\/schema.org\",\"@graph\":[{\"@type\":\"WebPage\",\"@id\":\"https:\/\/www.typogone-editions.com\/index.php\/produit\/un-metier-pour-moi-danseur\/\",\"url\":\"https:\/\/www.typogone-editions.com\/index.php\/produit\/un-metier-pour-moi-danseur\/\",\"name\":\"Un m\u00e9tier pour moi - Danseur - Typogone \u00e9ditions - Orientation jeunesse - Livre\",\"isPartOf\":{\"@id\":\"https:\/\/www.typogone-editions.com\/#website\"},\"primaryImageOfPage\":{\"@id\":\"https:\/\/www.typogone-editions.com\/index.php\/produit\/un-metier-pour-moi-danseur\/#primaryimage\"},\"image\":{\"@id\":\"https:\/\/www.typogone-editions.com\/index.php\/produit\/un-metier-pour-moi-danseur\/#primaryimage\"},\"thumbnailUrl\":\"https:\/\/www.typogone-editions.com\/wp-content\/uploads\/2022\/10\/978-2-9582435-4-8_1_75.jpg\",\"datePublished\":\"2022-10-20T08:39:52+00:00\",\"dateModified\":\"2024-01-29T09:39:17+00:00\",\"description\":\"Danseur, un m\u00e9tier artistique expliqu\u00e9 aux lecteurs de 10 \u00e0 15 ans avec des textes illustr\u00e9s, des interviews d'experts et de la BD.\",\"breadcrumb\":{\"@id\":\"https:\/\/www.typogone-editions.com\/index.php\/produit\/un-metier-pour-moi-danseur\/#breadcrumb\"},\"inLanguage\":\"fr-FR\",\"potentialAction\":[{\"@type\":\"ReadAction\",\"target\":[\"https:\/\/www.typogone-editions.com\/index.php\/produit\/un-metier-pour-moi-danseur\/\"]}]},{\"@type\":\"ImageObject\",\"inLanguage\":\"fr-FR\",\"@id\":\"https:\/\/www.typogone-editions.com\/index.php\/produit\/un-metier-pour-moi-danseur\/#primaryimage\",\"url\":\"https:\/\/www.typogone-editions.com\/wp-content\/uploads\/2022\/10\/978-2-9582435-4-8_1_75.jpg\",\"contentUrl\":\"https:\/\/www.typogone-editions.com\/wp-content\/uploads\/2022\/10\/978-2-9582435-4-8_1_75.jpg\",\"width\":600,\"height\":868},{\"@type\":\"BreadcrumbList\",\"@id\":\"https:\/\/www.typogone-editions.com\/index.php\/produit\/un-metier-pour-moi-danseur\/#breadcrumb\",\"itemListElement\":[{\"@type\":\"ListItem\",\"position\":1,\"name\":\"Accueil\",\"item\":\"https:\/\/www.typogone-editions.com\/\"},{\"@type\":\"ListItem\",\"position\":2,\"name\":\"Un m\u00e9tier pour moi &#8211; Danseur\"}]},{\"@type\":\"WebSite\",\"@id\":\"https:\/\/www.typogone-editions.com\/#website\",\"url\":\"https:\/\/www.typogone-editions.com\/\",\"name\":\"Typogone \u00e9ditions\",\"description\":\"Maison d&#039;\u00e9dition\",\"publisher\":{\"@id\":\"https:\/\/www.typogone-editions.com\/#organization\"},\"potentialAction\":[{\"@type\":\"SearchAction\",\"target\":{\"@type\":\"EntryPoint\",\"urlTemplate\":\"https:\/\/www.typogone-editions.com\/?s={search_term_string}\"},\"query-input\":{\"@type\":\"PropertyValueSpecification\",\"valueRequired\":true,\"valueName\":\"search_term_string\"}}],\"inLanguage\":\"fr-FR\"},{\"@type\":\"Organization\",\"@id\":\"https:\/\/www.typogone-editions.com\/#organization\",\"name\":\"Typogone \u00e9ditions\",\"url\":\"https:\/\/www.typogone-editions.com\/\",\"logo\":{\"@type\":\"ImageObject\",\"inLanguage\":\"fr-FR\",\"@id\":\"https:\/\/www.typogone-editions.com\/#\/schema\/logo\/image\/\",\"url\":\"https:\/\/www.typogone-editions.com\/wp-content\/uploads\/2022\/03\/Logo-typogone-vecto.jpeg\",\"contentUrl\":\"https:\/\/www.typogone-editions.com\/wp-content\/uploads\/2022\/03\/Logo-typogone-vecto.jpeg\",\"width\":1038,\"height\":1038,\"caption\":\"Typogone \u00e9ditions\"},\"image\":{\"@id\":\"https:\/\/www.typogone-editions.com\/#\/schema\/logo\/image\/\"}}]}<\/script>\n<!-- \/ Yoast SEO plugin. -->","yoast_head_json":{"title":"Un m\u00e9tier pour moi - Danseur - Typogone \u00e9ditions - Orientation jeunesse - Livre","description":"Danseur, un m\u00e9tier artistique expliqu\u00e9 aux lecteurs de 10 \u00e0 15 ans avec des textes illustr\u00e9s, des interviews d'experts et de la BD.","robots":{"index":"index","follow":"follow","max-snippet":"max-snippet:-1","max-image-preview":"max-image-preview:large","max-video-preview":"max-video-preview:-1"},"canonical":"https:\/\/www.typogone-editions.com\/index.php\/produit\/un-metier-pour-moi-danseur\/","og_locale":"fr_FR","og_type":"article","og_title":"Un m\u00e9tier pour moi - Danseur - Typogone \u00e9ditions - Orientation jeunesse - Livre","og_description":"Danseur, un m\u00e9tier artistique expliqu\u00e9 aux lecteurs de 10 \u00e0 15 ans avec des textes illustr\u00e9s, des interviews d'experts et de la BD.","og_url":"https:\/\/www.typogone-editions.com\/index.php\/produit\/un-metier-pour-moi-danseur\/","og_site_name":"Typogone \u00e9ditions","article_modified_time":"2024-01-29T09:39:17+00:00","og_image":[{"width":600,"height":868,"url":"https:\/\/www.typogone-editions.com\/wp-content\/uploads\/2022\/10\/978-2-9582435-4-8_1_75.jpg","type":"image\/jpeg"}],"twitter_card":"summary_large_image","twitter_misc":{"Dur\u00e9e de lecture estim\u00e9e":"2 minutes"},"schema":{"@context":"https:\/\/schema.org","@graph":[{"@type":"WebPage","@id":"https:\/\/www.typogone-editions.com\/index.php\/produit\/un-metier-pour-moi-danseur\/","url":"https:\/\/www.typogone-editions.com\/index.php\/produit\/un-metier-pour-moi-danseur\/","name":"Un m\u00e9tier pour moi - Danseur - Typogone \u00e9ditions - Orientation jeunesse - Livre","isPartOf":{"@id":"https:\/\/www.typogone-editions.com\/#website"},"primaryImageOfPage":{"@id":"https:\/\/www.typogone-editions.com\/index.php\/produit\/un-metier-pour-moi-danseur\/#primaryimage"},"image":{"@id":"https:\/\/www.typogone-editions.com\/index.php\/produit\/un-metier-pour-moi-danseur\/#primaryimage"},"thumbnailUrl":"https:\/\/www.typogone-editions.com\/wp-content\/uploads\/2022\/10\/978-2-9582435-4-8_1_75.jpg","datePublished":"2022-10-20T08:39:52+00:00","dateModified":"2024-01-29T09:39:17+00:00","description":"Danseur, un m\u00e9tier artistique expliqu\u00e9 aux lecteurs de 10 \u00e0 15 ans avec des textes illustr\u00e9s, des interviews d'experts et de la BD.","breadcrumb":{"@id":"https:\/\/www.typogone-editions.com\/index.php\/produit\/un-metier-pour-moi-danseur\/#breadcrumb"},"inLanguage":"fr-FR","potentialAction":[{"@type":"ReadAction","target":["https:\/\/www.typogone-editions.com\/index.php\/produit\/un-metier-pour-moi-danseur\/"]}]},{"@type":"ImageObject","inLanguage":"fr-FR","@id":"https:\/\/www.typogone-editions.com\/index.php\/produit\/un-metier-pour-moi-danseur\/#primaryimage","url":"https:\/\/www.typogone-editions.com\/wp-content\/uploads\/2022\/10\/978-2-9582435-4-8_1_75.jpg","contentUrl":"https:\/\/www.typogone-editions.com\/wp-content\/uploads\/2022\/10\/978-2-9582435-4-8_1_75.jpg","width":600,"height":868},{"@type":"BreadcrumbList","@id":"https:\/\/www.typogone-editions.com\/index.php\/produit\/un-metier-pour-moi-danseur\/#breadcrumb","itemListElement":[{"@type":"ListItem","position":1,"name":"Accueil","item":"https:\/\/www.typogone-editions.com\/"},{"@type":"ListItem","position":2,"name":"Un m\u00e9tier pour moi &#8211; Danseur"}]},{"@type":"WebSite","@id":"https:\/\/www.typogone-editions.com\/#website","url":"https:\/\/www.typogone-editions.com\/","name":"Typogone \u00e9ditions","description":"Maison d&#039;\u00e9dition","publisher":{"@id":"https:\/\/www.typogone-editions.com\/#organization"},"potentialAction":[{"@type":"SearchAction","target":{"@type":"EntryPoint","urlTemplate":"https:\/\/www.typogone-editions.com\/?s={search_term_string}"},"query-input":{"@type":"PropertyValueSpecification","valueRequired":true,"valueName":"search_term_string"}}],"inLanguage":"fr-FR"},{"@type":"Organization","@id":"https:\/\/www.typogone-editions.com\/#organization","name":"Typogone \u00e9ditions","url":"https:\/\/www.typogone-editions.com\/","logo":{"@type":"ImageObject","inLanguage":"fr-FR","@id":"https:\/\/www.typogone-editions.com\/#\/schema\/logo\/image\/","url":"https:\/\/www.typogone-editions.com\/wp-content\/uploads\/2022\/03\/Logo-typogone-vecto.jpeg","contentUrl":"https:\/\/www.typogone-editions.com\/wp-content\/uploads\/2022\/03\/Logo-typogone-vecto.jpeg","width":1038,"height":1038,"caption":"Typogone \u00e9ditions"},"image":{"@id":"https:\/\/www.typogone-editions.com\/#\/schema\/logo\/image\/"}}]}},"_links":{"self":[{"href":"https:\/\/www.typogone-editions.com\/index.php\/wp-json\/wp\/v2\/product\/429","targetHints":{"allow":["GET"]}}],"collection":[{"href":"https:\/\/www.typogone-editions.com\/index.php\/wp-json\/wp\/v2\/product"}],"about":[{"href":"https:\/\/www.typogone-editions.com\/index.php\/wp-json\/wp\/v2\/types\/product"}],"wp:featuredmedia":[{"embeddable":true,"href":"https:\/\/www.typogone-editions.com\/index.php\/wp-json\/wp\/v2\/media\/427"}],"wp:attachment":[{"href":"https:\/\/www.typogone-editions.com\/index.php\/wp-json\/wp\/v2\/media?parent=429"}],"wp:term":[{"taxonomy":"product_brand","embeddable":true,"href":"https:\/\/www.typogone-editions.com\/index.php\/wp-json\/wp\/v2\/product_brand?post=429"},{"taxonomy":"product_cat","embeddable":true,"href":"https:\/\/www.typogone-editions.com\/index.php\/wp-json\/wp\/v2\/product_cat?post=429"},{"taxonomy":"product_tag","embeddable":true,"href":"https:\/\/www.typogone-editions.com\/index.php\/wp-json\/wp\/v2\/product_tag?post=429"}],"curies":[{"name":"wp","href":"https:\/\/api.w.org\/{rel}","templated":true}]}}