{"id":433,"date":"2022-10-20T10:51:17","date_gmt":"2022-10-20T08:51:17","guid":{"rendered":"https:\/\/www.typogone-editions.com\/?post_type=product&#038;p=433"},"modified":"2024-01-29T10:38:47","modified_gmt":"2024-01-29T09:38:47","slug":"un-metier-pour-moi-journaliste","status":"publish","type":"product","link":"https:\/\/www.typogone-editions.com\/index.php\/produit\/un-metier-pour-moi-journaliste\/","title":{"rendered":"Un m\u00e9tier pour moi &#8211; Journaliste"},"content":{"rendered":"<h4>R\u00e9sum\u00e9 du livre<\/h4>\n<p>La premi\u00e8re partie aborde les th\u00e9matiques g\u00e9n\u00e9rales du m\u00e9tier de journaliste : les missions, les comp\u00e9tences requises, les diff\u00e9rents cursus scolaires, le salaire, les diff\u00e9rents statuts. Puis, une immersion plus sp\u00e9cifique \u00e0 la profession est propos\u00e9e pour expliquer le d\u00e9roulement d\u2019une interview \u00e0 la radio et les \u00e9tapes de la fabrication d\u2019un quotidien.<\/p>\n<p>En deuxi\u00e8me partie du livre, une bande dessin\u00e9e pr\u00e9sente deux journalistes, leur parcours et leurs exp\u00e9riences. Bruno, journaliste d\u2019investigation, explique le fonctionnement des fakes news. Quant \u00e0 Fr\u00e9d\u00e9rique, ancienne sportive de haut niveau, elle raconte ses souvenirs de commentatrice en direct d\u2019un grand tournoi de tennis.<\/p>\n<p>Enfin, par un principe de double page ludique, la troisi\u00e8me partie cr\u00e9e une passerelle avec l\u2019\u00e9cole (physique, technologie, histoire, math\u00e9matiques) au travers du fonctionnement de l\u2019intelligence artificielle, de la propagation des ondes et l\u2019av\u00e8nement de notre calendrier actuel.<\/p>\n<h4><strong>La collection &#8211; <a href=\"https:\/\/www.typogone-editions.com\/index.php\/la-collection-un-metier-pour-moi\/\">Un m\u00e9tier pour moi !<\/a><\/strong><\/h4>\n<p>Elle s\u2019adresse aux jeunes adolescents et r\u00e9pond aux questions qu\u2019ils se posent sur diff\u00e9rents m\u00e9tiers gr\u00e2ce \u00e0 une pr\u00e9sentation d\u00e9taill\u00e9e de la profession, des entretiens avec des experts sous forme de bande dessin\u00e9e et des sujets concrets en lien avec le programme scolaire.<\/p>\n<h4>Sommaire<\/h4>\n<ul>\n<li>C\u2019est qui le journaliste ?<\/li>\n<li>Quelles sont les missions du journaliste ?<\/li>\n<li>Quelles sont les connaissances et les comp\u00e9tences n\u00e9cessaires ?<\/li>\n<li>Quelles sont les \u00e9tapes de la publication d\u2019un quotidien ?<\/li>\n<li>Comment se d\u00e9roule une interview \u00e0 la radio ?<\/li>\n<li>Que faut-il faire comme \u00e9tudes ?<\/li>\n<li>C\u2019est quoi un pigiste ?<\/li>\n<li>C\u2019est quoi un r\u00e9dacteur en chef ?<\/li>\n<li>Quels sont les employeurs du journaliste ?<\/li>\n<li>Quelles sont les qualit\u00e9s d\u2019un journaliste ?<\/li>\n<li>Les interviews de Bruno et Fr\u00e9d\u00e9rique<\/li>\n<li>Comment se construit un article ?<\/li>\n<li>Comment fonctionne un studio pour la radio ?<\/li>\n<li>De quand date le premier journal imprim\u00e9 ?<\/li>\n<li>Quels sont les diff\u00e9rents rythmes de parution ?<\/li>\n<li>Le m\u00e9tier de journaliste est-il risqu\u00e9 ?<\/li>\n<li>Le savais-tu ?<\/li>\n<\/ul>\n<p><a href=\"https:\/\/www.typogone-editions.com\/wp-content\/uploads\/2023\/04\/Fiche-argu_journaliste.pdf\" target=\"_blank\" rel=\"noopener\">Fiche de pr\u00e9sentation<\/a><\/p>\n","protected":false},"excerpt":{"rendered":"<p>\u00c0 d\u00e9couvrir : les diff\u00e9rentes facettes du m\u00e9tier, des interviews d&rsquo;experts et des dossiers th\u00e9matiques en lien avec le programme scolaire.<\/p>\n<hr \/>\n<p><strong>Format<\/strong> : 12,5 x 18 cm<br \/>\n<strong>Pagination<\/strong> : 48 pages<br \/>\n<strong>Fa\u00e7onnage<\/strong> : broch\u00e9<br \/>\n<strong>Illustrations<\/strong> : Valia<br \/>\n<strong>Parution<\/strong> : Novembre 2022<br \/>\n<strong>ISBN<\/strong> : 978-2-9582435-5-5<\/p>\n<hr \/>\n<h3>9,90 \u20ac<\/h3>\n","protected":false},"featured_media":428,"template":"","meta":[],"product_brand":[],"product_cat":[16],"product_tag":[],"class_list":{"0":"post-433","1":"product","2":"type-product","3":"status-publish","4":"has-post-thumbnail","6":"product_cat-non-classe","8":"first","9":"instock","10":"taxable","11":"shipping-taxable","12":"product-type-simple"},"yoast_head":"<!-- This site is optimized with the Yoast SEO plugin v27.1 - https:\/\/yoast.com\/product\/yoast-seo-wordpress\/ -->\n<title>Un m\u00e9tier pour moi - Journaliste - Typogone \u00e9ditions - Orientation jeunesse - Livre<\/title>\n<meta name=\"description\" content=\"Journaliste, un m\u00e9tier d&#039;\u00e9criture et d&#039;enqu\u00eate expliqu\u00e9 aux lecteurs de 10 \u00e0 15 ans avec des textes concis, des interviews et de la BD.\" \/>\n<meta name=\"robots\" content=\"index, follow, max-snippet:-1, max-image-preview:large, max-video-preview:-1\" \/>\n<link rel=\"canonical\" href=\"https:\/\/www.typogone-editions.com\/index.php\/produit\/un-metier-pour-moi-journaliste\/\" \/>\n<meta property=\"og:locale\" content=\"fr_FR\" \/>\n<meta property=\"og:type\" content=\"article\" \/>\n<meta property=\"og:title\" content=\"Un m\u00e9tier pour moi - Journaliste - Typogone \u00e9ditions - Orientation jeunesse - Livre\" \/>\n<meta property=\"og:description\" content=\"Journaliste, un m\u00e9tier d&#039;\u00e9criture et d&#039;enqu\u00eate expliqu\u00e9 aux lecteurs de 10 \u00e0 15 ans avec des textes concis, des interviews et de la BD.\" \/>\n<meta property=\"og:url\" content=\"https:\/\/www.typogone-editions.com\/index.php\/produit\/un-metier-pour-moi-journaliste\/\" \/>\n<meta property=\"og:site_name\" content=\"Typogone \u00e9ditions\" \/>\n<meta property=\"article:modified_time\" content=\"2024-01-29T09:38:47+00:00\" \/>\n<meta property=\"og:image\" content=\"https:\/\/www.typogone-editions.com\/wp-content\/uploads\/2022\/10\/978-2-9582435-5-5_1_75.jpg\" \/>\n\t<meta property=\"og:image:width\" content=\"600\" \/>\n\t<meta property=\"og:image:height\" content=\"868\" \/>\n\t<meta property=\"og:image:type\" content=\"image\/jpeg\" \/>\n<meta name=\"twitter:card\" content=\"summary_large_image\" \/>\n<meta name=\"twitter:label1\" content=\"Dur\u00e9e de lecture estim\u00e9e\" \/>\n\t<meta name=\"twitter:data1\" content=\"2 minutes\" \/>\n<script type=\"application\/ld+json\" class=\"yoast-schema-graph\">{\"@context\":\"https:\/\/schema.org\",\"@graph\":[{\"@type\":\"WebPage\",\"@id\":\"https:\/\/www.typogone-editions.com\/index.php\/produit\/un-metier-pour-moi-journaliste\/\",\"url\":\"https:\/\/www.typogone-editions.com\/index.php\/produit\/un-metier-pour-moi-journaliste\/\",\"name\":\"Un m\u00e9tier pour moi - Journaliste - Typogone \u00e9ditions - Orientation jeunesse - Livre\",\"isPartOf\":{\"@id\":\"https:\/\/www.typogone-editions.com\/#website\"},\"primaryImageOfPage\":{\"@id\":\"https:\/\/www.typogone-editions.com\/index.php\/produit\/un-metier-pour-moi-journaliste\/#primaryimage\"},\"image\":{\"@id\":\"https:\/\/www.typogone-editions.com\/index.php\/produit\/un-metier-pour-moi-journaliste\/#primaryimage\"},\"thumbnailUrl\":\"https:\/\/www.typogone-editions.com\/wp-content\/uploads\/2022\/10\/978-2-9582435-5-5_1_75.jpg\",\"datePublished\":\"2022-10-20T08:51:17+00:00\",\"dateModified\":\"2024-01-29T09:38:47+00:00\",\"description\":\"Journaliste, un m\u00e9tier d'\u00e9criture et d'enqu\u00eate expliqu\u00e9 aux lecteurs de 10 \u00e0 15 ans avec des textes concis, des interviews et de la BD.\",\"breadcrumb\":{\"@id\":\"https:\/\/www.typogone-editions.com\/index.php\/produit\/un-metier-pour-moi-journaliste\/#breadcrumb\"},\"inLanguage\":\"fr-FR\",\"potentialAction\":[{\"@type\":\"ReadAction\",\"target\":[\"https:\/\/www.typogone-editions.com\/index.php\/produit\/un-metier-pour-moi-journaliste\/\"]}]},{\"@type\":\"ImageObject\",\"inLanguage\":\"fr-FR\",\"@id\":\"https:\/\/www.typogone-editions.com\/index.php\/produit\/un-metier-pour-moi-journaliste\/#primaryimage\",\"url\":\"https:\/\/www.typogone-editions.com\/wp-content\/uploads\/2022\/10\/978-2-9582435-5-5_1_75.jpg\",\"contentUrl\":\"https:\/\/www.typogone-editions.com\/wp-content\/uploads\/2022\/10\/978-2-9582435-5-5_1_75.jpg\",\"width\":600,\"height\":868},{\"@type\":\"BreadcrumbList\",\"@id\":\"https:\/\/www.typogone-editions.com\/index.php\/produit\/un-metier-pour-moi-journaliste\/#breadcrumb\",\"itemListElement\":[{\"@type\":\"ListItem\",\"position\":1,\"name\":\"Accueil\",\"item\":\"https:\/\/www.typogone-editions.com\/\"},{\"@type\":\"ListItem\",\"position\":2,\"name\":\"Un m\u00e9tier pour moi &#8211; Journaliste\"}]},{\"@type\":\"WebSite\",\"@id\":\"https:\/\/www.typogone-editions.com\/#website\",\"url\":\"https:\/\/www.typogone-editions.com\/\",\"name\":\"Typogone \u00e9ditions\",\"description\":\"Maison d&#039;\u00e9dition\",\"publisher\":{\"@id\":\"https:\/\/www.typogone-editions.com\/#organization\"},\"potentialAction\":[{\"@type\":\"SearchAction\",\"target\":{\"@type\":\"EntryPoint\",\"urlTemplate\":\"https:\/\/www.typogone-editions.com\/?s={search_term_string}\"},\"query-input\":{\"@type\":\"PropertyValueSpecification\",\"valueRequired\":true,\"valueName\":\"search_term_string\"}}],\"inLanguage\":\"fr-FR\"},{\"@type\":\"Organization\",\"@id\":\"https:\/\/www.typogone-editions.com\/#organization\",\"name\":\"Typogone \u00e9ditions\",\"url\":\"https:\/\/www.typogone-editions.com\/\",\"logo\":{\"@type\":\"ImageObject\",\"inLanguage\":\"fr-FR\",\"@id\":\"https:\/\/www.typogone-editions.com\/#\/schema\/logo\/image\/\",\"url\":\"https:\/\/www.typogone-editions.com\/wp-content\/uploads\/2022\/03\/Logo-typogone-vecto.jpeg\",\"contentUrl\":\"https:\/\/www.typogone-editions.com\/wp-content\/uploads\/2022\/03\/Logo-typogone-vecto.jpeg\",\"width\":1038,\"height\":1038,\"caption\":\"Typogone \u00e9ditions\"},\"image\":{\"@id\":\"https:\/\/www.typogone-editions.com\/#\/schema\/logo\/image\/\"}}]}<\/script>\n<!-- \/ Yoast SEO plugin. -->","yoast_head_json":{"title":"Un m\u00e9tier pour moi - Journaliste - Typogone \u00e9ditions - Orientation jeunesse - Livre","description":"Journaliste, un m\u00e9tier d'\u00e9criture et d'enqu\u00eate expliqu\u00e9 aux lecteurs de 10 \u00e0 15 ans avec des textes concis, des interviews et de la BD.","robots":{"index":"index","follow":"follow","max-snippet":"max-snippet:-1","max-image-preview":"max-image-preview:large","max-video-preview":"max-video-preview:-1"},"canonical":"https:\/\/www.typogone-editions.com\/index.php\/produit\/un-metier-pour-moi-journaliste\/","og_locale":"fr_FR","og_type":"article","og_title":"Un m\u00e9tier pour moi - Journaliste - Typogone \u00e9ditions - Orientation jeunesse - Livre","og_description":"Journaliste, un m\u00e9tier d'\u00e9criture et d'enqu\u00eate expliqu\u00e9 aux lecteurs de 10 \u00e0 15 ans avec des textes concis, des interviews et de la BD.","og_url":"https:\/\/www.typogone-editions.com\/index.php\/produit\/un-metier-pour-moi-journaliste\/","og_site_name":"Typogone \u00e9ditions","article_modified_time":"2024-01-29T09:38:47+00:00","og_image":[{"width":600,"height":868,"url":"https:\/\/www.typogone-editions.com\/wp-content\/uploads\/2022\/10\/978-2-9582435-5-5_1_75.jpg","type":"image\/jpeg"}],"twitter_card":"summary_large_image","twitter_misc":{"Dur\u00e9e de lecture estim\u00e9e":"2 minutes"},"schema":{"@context":"https:\/\/schema.org","@graph":[{"@type":"WebPage","@id":"https:\/\/www.typogone-editions.com\/index.php\/produit\/un-metier-pour-moi-journaliste\/","url":"https:\/\/www.typogone-editions.com\/index.php\/produit\/un-metier-pour-moi-journaliste\/","name":"Un m\u00e9tier pour moi - Journaliste - Typogone \u00e9ditions - Orientation jeunesse - Livre","isPartOf":{"@id":"https:\/\/www.typogone-editions.com\/#website"},"primaryImageOfPage":{"@id":"https:\/\/www.typogone-editions.com\/index.php\/produit\/un-metier-pour-moi-journaliste\/#primaryimage"},"image":{"@id":"https:\/\/www.typogone-editions.com\/index.php\/produit\/un-metier-pour-moi-journaliste\/#primaryimage"},"thumbnailUrl":"https:\/\/www.typogone-editions.com\/wp-content\/uploads\/2022\/10\/978-2-9582435-5-5_1_75.jpg","datePublished":"2022-10-20T08:51:17+00:00","dateModified":"2024-01-29T09:38:47+00:00","description":"Journaliste, un m\u00e9tier d'\u00e9criture et d'enqu\u00eate expliqu\u00e9 aux lecteurs de 10 \u00e0 15 ans avec des textes concis, des interviews et de la BD.","breadcrumb":{"@id":"https:\/\/www.typogone-editions.com\/index.php\/produit\/un-metier-pour-moi-journaliste\/#breadcrumb"},"inLanguage":"fr-FR","potentialAction":[{"@type":"ReadAction","target":["https:\/\/www.typogone-editions.com\/index.php\/produit\/un-metier-pour-moi-journaliste\/"]}]},{"@type":"ImageObject","inLanguage":"fr-FR","@id":"https:\/\/www.typogone-editions.com\/index.php\/produit\/un-metier-pour-moi-journaliste\/#primaryimage","url":"https:\/\/www.typogone-editions.com\/wp-content\/uploads\/2022\/10\/978-2-9582435-5-5_1_75.jpg","contentUrl":"https:\/\/www.typogone-editions.com\/wp-content\/uploads\/2022\/10\/978-2-9582435-5-5_1_75.jpg","width":600,"height":868},{"@type":"BreadcrumbList","@id":"https:\/\/www.typogone-editions.com\/index.php\/produit\/un-metier-pour-moi-journaliste\/#breadcrumb","itemListElement":[{"@type":"ListItem","position":1,"name":"Accueil","item":"https:\/\/www.typogone-editions.com\/"},{"@type":"ListItem","position":2,"name":"Un m\u00e9tier pour moi &#8211; Journaliste"}]},{"@type":"WebSite","@id":"https:\/\/www.typogone-editions.com\/#website","url":"https:\/\/www.typogone-editions.com\/","name":"Typogone \u00e9ditions","description":"Maison d&#039;\u00e9dition","publisher":{"@id":"https:\/\/www.typogone-editions.com\/#organization"},"potentialAction":[{"@type":"SearchAction","target":{"@type":"EntryPoint","urlTemplate":"https:\/\/www.typogone-editions.com\/?s={search_term_string}"},"query-input":{"@type":"PropertyValueSpecification","valueRequired":true,"valueName":"search_term_string"}}],"inLanguage":"fr-FR"},{"@type":"Organization","@id":"https:\/\/www.typogone-editions.com\/#organization","name":"Typogone \u00e9ditions","url":"https:\/\/www.typogone-editions.com\/","logo":{"@type":"ImageObject","inLanguage":"fr-FR","@id":"https:\/\/www.typogone-editions.com\/#\/schema\/logo\/image\/","url":"https:\/\/www.typogone-editions.com\/wp-content\/uploads\/2022\/03\/Logo-typogone-vecto.jpeg","contentUrl":"https:\/\/www.typogone-editions.com\/wp-content\/uploads\/2022\/03\/Logo-typogone-vecto.jpeg","width":1038,"height":1038,"caption":"Typogone \u00e9ditions"},"image":{"@id":"https:\/\/www.typogone-editions.com\/#\/schema\/logo\/image\/"}}]}},"_links":{"self":[{"href":"https:\/\/www.typogone-editions.com\/index.php\/wp-json\/wp\/v2\/product\/433","targetHints":{"allow":["GET"]}}],"collection":[{"href":"https:\/\/www.typogone-editions.com\/index.php\/wp-json\/wp\/v2\/product"}],"about":[{"href":"https:\/\/www.typogone-editions.com\/index.php\/wp-json\/wp\/v2\/types\/product"}],"wp:featuredmedia":[{"embeddable":true,"href":"https:\/\/www.typogone-editions.com\/index.php\/wp-json\/wp\/v2\/media\/428"}],"wp:attachment":[{"href":"https:\/\/www.typogone-editions.com\/index.php\/wp-json\/wp\/v2\/media?parent=433"}],"wp:term":[{"taxonomy":"product_brand","embeddable":true,"href":"https:\/\/www.typogone-editions.com\/index.php\/wp-json\/wp\/v2\/product_brand?post=433"},{"taxonomy":"product_cat","embeddable":true,"href":"https:\/\/www.typogone-editions.com\/index.php\/wp-json\/wp\/v2\/product_cat?post=433"},{"taxonomy":"product_tag","embeddable":true,"href":"https:\/\/www.typogone-editions.com\/index.php\/wp-json\/wp\/v2\/product_tag?post=433"}],"curies":[{"name":"wp","href":"https:\/\/api.w.org\/{rel}","templated":true}]}}