{"id":544,"date":"2023-04-24T10:35:17","date_gmt":"2023-04-24T08:35:17","guid":{"rendered":"https:\/\/www.typogone-editions.com\/?post_type=product&#038;p=544"},"modified":"2024-01-29T10:37:57","modified_gmt":"2024-01-29T09:37:57","slug":"un-metier-pour-moi-mangaka","status":"publish","type":"product","link":"https:\/\/www.typogone-editions.com\/index.php\/produit\/un-metier-pour-moi-mangaka\/","title":{"rendered":"Un m\u00e9tier pour moi &#8211; Mangaka"},"content":{"rendered":"<h4>R\u00e9sum\u00e9 du livre<\/h4>\n<p>La premi\u00e8re partie aborde les th\u00e9matiques g\u00e9n\u00e9rales du m\u00e9tier de mangaka : les missions, les comp\u00e9tences requises, les cursus scolaires, le salaire, les statuts possibles. Puis, une immersion plus sp\u00e9cifique \u00e0 la profession est propos\u00e9e pour expliquer les diff\u00e9rentes possibilit\u00e9s pour publier ses \u0153uvres ainsi que le quotidien du mangaka.<\/p>\n<p>En deuxi\u00e8me partie du livre, une bande dessin\u00e9e pr\u00e9sente deux mangakas, leur parcours et leurs exp\u00e9riences. Jules, passionn\u00e9 du Japon, retrace les sp\u00e9cificit\u00e9s nippones dans l\u2019industrie du manga, de la rencontre avec l\u2019\u00e9diteur jusqu\u2019au vote des lecteurs. Quant \u00e0 Emma, experte en sc\u00e9narisation, elle explique les grandes diff\u00e9rences entre le manga et la bande dessin\u00e9e.<\/p>\n<p>Enfin, par un principe de double page ludique, la troisi\u00e8me partie cr\u00e9e une passerelle avec l\u2019\u00e9cole (langue vivante, technologie, physique, chimie) au travers de diverses th\u00e9matiques. Quels sont les outils pour cr\u00e9er un manga ? Pourquoi le mangaka utilise-t-il autant d\u2019onomatop\u00e9es ? Quand est apparu le manga au Japon ? Pourquoi les mangas sont en noir et blanc ?<\/p>\n<h4><strong>La collection &#8211; <a href=\"https:\/\/www.typogone-editions.com\/index.php\/la-collection-un-metier-pour-moi\/\">Un m\u00e9tier pour moi !<\/a><\/strong><\/h4>\n<p>Elle s\u2019adresse aux jeunes adolescents et r\u00e9pond aux questions qu\u2019ils se posent sur diff\u00e9rents m\u00e9tiers gr\u00e2ce \u00e0 une pr\u00e9sentation d\u00e9taill\u00e9e de la profession, des entretiens avec des experts sous forme de bande dessin\u00e9e et des sujets concrets en lien avec le programme scolaire.<\/p>\n<h4>Sommaire<\/h4>\n<ul>\n<li>C\u2019est quoi le m\u00e9tier de mangaka ?<\/li>\n<li>C\u2019est qui le mangaka ?<\/li>\n<li>Quelles sont les missions du mangaka ?<\/li>\n<li>Quelles sont les connaissances et les comp\u00e9tences n\u00e9cessaires ?<\/li>\n<li>Comment devenir mangaka professionnel ?<\/li>\n<li>Quel est le quotidien du mangaka ?<\/li>\n<li>Que faut-il faire comme \u00e9tudes ?<\/li>\n<li>Comment d\u00e9buter sa carri\u00e8re ?<\/li>\n<li>Et apr\u00e8s ?<\/li>\n<li>Quels sont les employeurs du mangaka ?<\/li>\n<li>Combien gagne-t-il ?<\/li>\n<li>Quelles sont les qualit\u00e9s d\u2019un mangaka ?<\/li>\n<li>L\u2019interview de Jules<\/li>\n<li>L\u2019interview d\u2019Emma<\/li>\n<li>Quels sont les outils pour cr\u00e9er un manga ?<\/li>\n<li>Pourquoi le mangaka utilise-t-il autant d\u2019onomatop\u00e9es ?<\/li>\n<li>Quand est apparu le manga au Japon ?<\/li>\n<li>Pourquoi les mangas sont en noir et blanc ?<\/li>\n<li>Le savais-tu ?<\/li>\n<\/ul>\n<p><a href=\"https:\/\/www.typogone-editions.com\/wp-content\/uploads\/2023\/04\/Fiche-argu_Mangaka.pdf\" target=\"_blank\" rel=\"noopener\">Fiche de pr\u00e9sentation<\/a><\/p>\n","protected":false},"excerpt":{"rendered":"<p>Comment devenir mangaka ?<\/p>\n<p>Les diff\u00e9rentes facettes du m\u00e9tier, des interviews d&rsquo;experts et des dossiers th\u00e9matiques en lien avec le programme scolaire.<\/p>\n<hr \/>\n<p><strong>Format<\/strong> : 12,5 x 18 cm<br \/>\n<strong>Pagination<\/strong> : 48 pages<br \/>\n<strong>Fa\u00e7onnage<\/strong> : broch\u00e9<br \/>\n<strong>Illustrations<\/strong> : Valia<br \/>\n<strong>Parution<\/strong> : 28 Avril 2023<br \/>\n<strong>ISBN<\/strong> : 978-2-9582435-7-9<\/p>\n<hr \/>\n<h3>9,90 \u20ac<\/h3>\n","protected":false},"featured_media":533,"template":"","meta":[],"product_brand":[],"product_cat":[16],"product_tag":[],"class_list":{"0":"post-544","1":"product","2":"type-product","3":"status-publish","4":"has-post-thumbnail","6":"product_cat-non-classe","8":"first","9":"instock","10":"taxable","11":"shipping-taxable","12":"product-type-simple"},"yoast_head":"<!-- This site is optimized with the Yoast SEO plugin v27.1 - https:\/\/yoast.com\/product\/yoast-seo-wordpress\/ -->\n<title>Un m\u00e9tier pour moi - Mangaka - Typogone \u00e9ditions - Orientation jeunesse- Livre<\/title>\n<meta name=\"description\" content=\"Mangaka, un m\u00e9tier orient\u00e9 vers le dessin et la sc\u00e9narisation expliqu\u00e9 aux lecteurs de 10 \u00e0 15 ans avec des textes concis, des interviews et de la BD.\" \/>\n<meta name=\"robots\" content=\"index, follow, max-snippet:-1, max-image-preview:large, max-video-preview:-1\" \/>\n<link rel=\"canonical\" href=\"https:\/\/www.typogone-editions.com\/index.php\/produit\/un-metier-pour-moi-mangaka\/\" \/>\n<meta property=\"og:locale\" content=\"fr_FR\" \/>\n<meta property=\"og:type\" content=\"article\" \/>\n<meta property=\"og:title\" content=\"Un m\u00e9tier pour moi - Mangaka - Typogone \u00e9ditions - Orientation jeunesse- Livre\" \/>\n<meta property=\"og:description\" content=\"Mangaka, un m\u00e9tier orient\u00e9 vers le dessin et la sc\u00e9narisation expliqu\u00e9 aux lecteurs de 10 \u00e0 15 ans avec des textes concis, des interviews et de la BD.\" \/>\n<meta property=\"og:url\" content=\"https:\/\/www.typogone-editions.com\/index.php\/produit\/un-metier-pour-moi-mangaka\/\" \/>\n<meta property=\"og:site_name\" content=\"Typogone \u00e9ditions\" \/>\n<meta property=\"article:modified_time\" content=\"2024-01-29T09:37:57+00:00\" \/>\n<meta property=\"og:image\" content=\"https:\/\/www.typogone-editions.com\/wp-content\/uploads\/2023\/04\/978-2-9582435-7-9.png\" \/>\n\t<meta property=\"og:image:width\" content=\"400\" \/>\n\t<meta property=\"og:image:height\" content=\"579\" \/>\n\t<meta property=\"og:image:type\" content=\"image\/png\" \/>\n<meta name=\"twitter:card\" content=\"summary_large_image\" \/>\n<meta name=\"twitter:label1\" content=\"Dur\u00e9e de lecture estim\u00e9e\" \/>\n\t<meta name=\"twitter:data1\" content=\"2 minutes\" \/>\n<script type=\"application\/ld+json\" class=\"yoast-schema-graph\">{\"@context\":\"https:\/\/schema.org\",\"@graph\":[{\"@type\":\"WebPage\",\"@id\":\"https:\/\/www.typogone-editions.com\/index.php\/produit\/un-metier-pour-moi-mangaka\/\",\"url\":\"https:\/\/www.typogone-editions.com\/index.php\/produit\/un-metier-pour-moi-mangaka\/\",\"name\":\"Un m\u00e9tier pour moi - Mangaka - Typogone \u00e9ditions - Orientation jeunesse- Livre\",\"isPartOf\":{\"@id\":\"https:\/\/www.typogone-editions.com\/#website\"},\"primaryImageOfPage\":{\"@id\":\"https:\/\/www.typogone-editions.com\/index.php\/produit\/un-metier-pour-moi-mangaka\/#primaryimage\"},\"image\":{\"@id\":\"https:\/\/www.typogone-editions.com\/index.php\/produit\/un-metier-pour-moi-mangaka\/#primaryimage\"},\"thumbnailUrl\":\"https:\/\/www.typogone-editions.com\/wp-content\/uploads\/2023\/04\/978-2-9582435-7-9.png\",\"datePublished\":\"2023-04-24T08:35:17+00:00\",\"dateModified\":\"2024-01-29T09:37:57+00:00\",\"description\":\"Mangaka, un m\u00e9tier orient\u00e9 vers le dessin et la sc\u00e9narisation expliqu\u00e9 aux lecteurs de 10 \u00e0 15 ans avec des textes concis, des interviews et de la BD.\",\"breadcrumb\":{\"@id\":\"https:\/\/www.typogone-editions.com\/index.php\/produit\/un-metier-pour-moi-mangaka\/#breadcrumb\"},\"inLanguage\":\"fr-FR\",\"potentialAction\":[{\"@type\":\"ReadAction\",\"target\":[\"https:\/\/www.typogone-editions.com\/index.php\/produit\/un-metier-pour-moi-mangaka\/\"]}]},{\"@type\":\"ImageObject\",\"inLanguage\":\"fr-FR\",\"@id\":\"https:\/\/www.typogone-editions.com\/index.php\/produit\/un-metier-pour-moi-mangaka\/#primaryimage\",\"url\":\"https:\/\/www.typogone-editions.com\/wp-content\/uploads\/2023\/04\/978-2-9582435-7-9.png\",\"contentUrl\":\"https:\/\/www.typogone-editions.com\/wp-content\/uploads\/2023\/04\/978-2-9582435-7-9.png\",\"width\":400,\"height\":579},{\"@type\":\"BreadcrumbList\",\"@id\":\"https:\/\/www.typogone-editions.com\/index.php\/produit\/un-metier-pour-moi-mangaka\/#breadcrumb\",\"itemListElement\":[{\"@type\":\"ListItem\",\"position\":1,\"name\":\"Accueil\",\"item\":\"https:\/\/www.typogone-editions.com\/\"},{\"@type\":\"ListItem\",\"position\":2,\"name\":\"Un m\u00e9tier pour moi &#8211; Mangaka\"}]},{\"@type\":\"WebSite\",\"@id\":\"https:\/\/www.typogone-editions.com\/#website\",\"url\":\"https:\/\/www.typogone-editions.com\/\",\"name\":\"Typogone \u00e9ditions\",\"description\":\"Maison d&#039;\u00e9dition\",\"publisher\":{\"@id\":\"https:\/\/www.typogone-editions.com\/#organization\"},\"potentialAction\":[{\"@type\":\"SearchAction\",\"target\":{\"@type\":\"EntryPoint\",\"urlTemplate\":\"https:\/\/www.typogone-editions.com\/?s={search_term_string}\"},\"query-input\":{\"@type\":\"PropertyValueSpecification\",\"valueRequired\":true,\"valueName\":\"search_term_string\"}}],\"inLanguage\":\"fr-FR\"},{\"@type\":\"Organization\",\"@id\":\"https:\/\/www.typogone-editions.com\/#organization\",\"name\":\"Typogone \u00e9ditions\",\"url\":\"https:\/\/www.typogone-editions.com\/\",\"logo\":{\"@type\":\"ImageObject\",\"inLanguage\":\"fr-FR\",\"@id\":\"https:\/\/www.typogone-editions.com\/#\/schema\/logo\/image\/\",\"url\":\"https:\/\/www.typogone-editions.com\/wp-content\/uploads\/2022\/03\/Logo-typogone-vecto.jpeg\",\"contentUrl\":\"https:\/\/www.typogone-editions.com\/wp-content\/uploads\/2022\/03\/Logo-typogone-vecto.jpeg\",\"width\":1038,\"height\":1038,\"caption\":\"Typogone \u00e9ditions\"},\"image\":{\"@id\":\"https:\/\/www.typogone-editions.com\/#\/schema\/logo\/image\/\"}}]}<\/script>\n<!-- \/ Yoast SEO plugin. -->","yoast_head_json":{"title":"Un m\u00e9tier pour moi - Mangaka - Typogone \u00e9ditions - Orientation jeunesse- Livre","description":"Mangaka, un m\u00e9tier orient\u00e9 vers le dessin et la sc\u00e9narisation expliqu\u00e9 aux lecteurs de 10 \u00e0 15 ans avec des textes concis, des interviews et de la BD.","robots":{"index":"index","follow":"follow","max-snippet":"max-snippet:-1","max-image-preview":"max-image-preview:large","max-video-preview":"max-video-preview:-1"},"canonical":"https:\/\/www.typogone-editions.com\/index.php\/produit\/un-metier-pour-moi-mangaka\/","og_locale":"fr_FR","og_type":"article","og_title":"Un m\u00e9tier pour moi - Mangaka - Typogone \u00e9ditions - Orientation jeunesse- Livre","og_description":"Mangaka, un m\u00e9tier orient\u00e9 vers le dessin et la sc\u00e9narisation expliqu\u00e9 aux lecteurs de 10 \u00e0 15 ans avec des textes concis, des interviews et de la BD.","og_url":"https:\/\/www.typogone-editions.com\/index.php\/produit\/un-metier-pour-moi-mangaka\/","og_site_name":"Typogone \u00e9ditions","article_modified_time":"2024-01-29T09:37:57+00:00","og_image":[{"width":400,"height":579,"url":"https:\/\/www.typogone-editions.com\/wp-content\/uploads\/2023\/04\/978-2-9582435-7-9.png","type":"image\/png"}],"twitter_card":"summary_large_image","twitter_misc":{"Dur\u00e9e de lecture estim\u00e9e":"2 minutes"},"schema":{"@context":"https:\/\/schema.org","@graph":[{"@type":"WebPage","@id":"https:\/\/www.typogone-editions.com\/index.php\/produit\/un-metier-pour-moi-mangaka\/","url":"https:\/\/www.typogone-editions.com\/index.php\/produit\/un-metier-pour-moi-mangaka\/","name":"Un m\u00e9tier pour moi - Mangaka - Typogone \u00e9ditions - Orientation jeunesse- Livre","isPartOf":{"@id":"https:\/\/www.typogone-editions.com\/#website"},"primaryImageOfPage":{"@id":"https:\/\/www.typogone-editions.com\/index.php\/produit\/un-metier-pour-moi-mangaka\/#primaryimage"},"image":{"@id":"https:\/\/www.typogone-editions.com\/index.php\/produit\/un-metier-pour-moi-mangaka\/#primaryimage"},"thumbnailUrl":"https:\/\/www.typogone-editions.com\/wp-content\/uploads\/2023\/04\/978-2-9582435-7-9.png","datePublished":"2023-04-24T08:35:17+00:00","dateModified":"2024-01-29T09:37:57+00:00","description":"Mangaka, un m\u00e9tier orient\u00e9 vers le dessin et la sc\u00e9narisation expliqu\u00e9 aux lecteurs de 10 \u00e0 15 ans avec des textes concis, des interviews et de la BD.","breadcrumb":{"@id":"https:\/\/www.typogone-editions.com\/index.php\/produit\/un-metier-pour-moi-mangaka\/#breadcrumb"},"inLanguage":"fr-FR","potentialAction":[{"@type":"ReadAction","target":["https:\/\/www.typogone-editions.com\/index.php\/produit\/un-metier-pour-moi-mangaka\/"]}]},{"@type":"ImageObject","inLanguage":"fr-FR","@id":"https:\/\/www.typogone-editions.com\/index.php\/produit\/un-metier-pour-moi-mangaka\/#primaryimage","url":"https:\/\/www.typogone-editions.com\/wp-content\/uploads\/2023\/04\/978-2-9582435-7-9.png","contentUrl":"https:\/\/www.typogone-editions.com\/wp-content\/uploads\/2023\/04\/978-2-9582435-7-9.png","width":400,"height":579},{"@type":"BreadcrumbList","@id":"https:\/\/www.typogone-editions.com\/index.php\/produit\/un-metier-pour-moi-mangaka\/#breadcrumb","itemListElement":[{"@type":"ListItem","position":1,"name":"Accueil","item":"https:\/\/www.typogone-editions.com\/"},{"@type":"ListItem","position":2,"name":"Un m\u00e9tier pour moi &#8211; Mangaka"}]},{"@type":"WebSite","@id":"https:\/\/www.typogone-editions.com\/#website","url":"https:\/\/www.typogone-editions.com\/","name":"Typogone \u00e9ditions","description":"Maison d&#039;\u00e9dition","publisher":{"@id":"https:\/\/www.typogone-editions.com\/#organization"},"potentialAction":[{"@type":"SearchAction","target":{"@type":"EntryPoint","urlTemplate":"https:\/\/www.typogone-editions.com\/?s={search_term_string}"},"query-input":{"@type":"PropertyValueSpecification","valueRequired":true,"valueName":"search_term_string"}}],"inLanguage":"fr-FR"},{"@type":"Organization","@id":"https:\/\/www.typogone-editions.com\/#organization","name":"Typogone \u00e9ditions","url":"https:\/\/www.typogone-editions.com\/","logo":{"@type":"ImageObject","inLanguage":"fr-FR","@id":"https:\/\/www.typogone-editions.com\/#\/schema\/logo\/image\/","url":"https:\/\/www.typogone-editions.com\/wp-content\/uploads\/2022\/03\/Logo-typogone-vecto.jpeg","contentUrl":"https:\/\/www.typogone-editions.com\/wp-content\/uploads\/2022\/03\/Logo-typogone-vecto.jpeg","width":1038,"height":1038,"caption":"Typogone \u00e9ditions"},"image":{"@id":"https:\/\/www.typogone-editions.com\/#\/schema\/logo\/image\/"}}]}},"_links":{"self":[{"href":"https:\/\/www.typogone-editions.com\/index.php\/wp-json\/wp\/v2\/product\/544","targetHints":{"allow":["GET"]}}],"collection":[{"href":"https:\/\/www.typogone-editions.com\/index.php\/wp-json\/wp\/v2\/product"}],"about":[{"href":"https:\/\/www.typogone-editions.com\/index.php\/wp-json\/wp\/v2\/types\/product"}],"wp:featuredmedia":[{"embeddable":true,"href":"https:\/\/www.typogone-editions.com\/index.php\/wp-json\/wp\/v2\/media\/533"}],"wp:attachment":[{"href":"https:\/\/www.typogone-editions.com\/index.php\/wp-json\/wp\/v2\/media?parent=544"}],"wp:term":[{"taxonomy":"product_brand","embeddable":true,"href":"https:\/\/www.typogone-editions.com\/index.php\/wp-json\/wp\/v2\/product_brand?post=544"},{"taxonomy":"product_cat","embeddable":true,"href":"https:\/\/www.typogone-editions.com\/index.php\/wp-json\/wp\/v2\/product_cat?post=544"},{"taxonomy":"product_tag","embeddable":true,"href":"https:\/\/www.typogone-editions.com\/index.php\/wp-json\/wp\/v2\/product_tag?post=544"}],"curies":[{"name":"wp","href":"https:\/\/api.w.org\/{rel}","templated":true}]}}