{"id":697,"date":"2025-10-29T18:30:27","date_gmt":"2025-10-29T17:30:27","guid":{"rendered":"https:\/\/www.typogone-editions.com\/?post_type=product&#038;p=697"},"modified":"2025-10-29T18:44:02","modified_gmt":"2025-10-29T17:44:02","slug":"serpent-arc-en-ciel-marc-jamin","status":"publish","type":"product","link":"https:\/\/www.typogone-editions.com\/index.php\/produit\/serpent-arc-en-ciel-marc-jamin\/","title":{"rendered":"Le Serpent Arc-en-ciel"},"content":{"rendered":"<h4>R\u00e9sum\u00e9 du livre<\/h4>\n<p>Sidonie et son grand-p\u00e8re Oscar nous entra\u00eenent \u00e0 l\u2019autre bout du monde dans une aventure tr\u00e9pidante. Leur mission est de retrouver le serpent arc-en-ciel devenu bien terne.<\/p>\n<p>Tout au long du voyage, ils font la connaissance d\u2019animaux tant\u00f4t attachants, resplendissants, inqui\u00e9tants ou aga\u00e7ants dont ils r\u00e9cup\u00e8rent \u00e0 chaque fois un \u00e9l\u00e9ment de toison color\u00e9e. \u00c0 l\u2019issue de cette aventure puzzle, Sidonie fa\u00e7onne un nouveau costume au serpent afin de lui redonner ses couleurs.<\/p>\n<p>Au fil des pages, la complicit\u00e9 entre Sidonie et Oscar s\u2019intensifie et leur caract\u00e8re \u00e9volue. La petite fille timide, devient de plus en plus hardie et le grand-p\u00e8re moins autoritaire.<span class=\"Apple-converted-space\">\u00a0<\/span><\/p>\n<p><span style=\"font-size: 19px; letter-spacing: 2.53327px; text-transform: uppercase;\"><b>L&rsquo;auteur &#8211; Marc Jamin<\/b><\/span><\/p>\n<p>Marc Jamin, architecte, est passionn\u00e9 de bande dessin\u00e9e avec une pr\u00e9f\u00e9rence pour la science-fiction et le fantastique. Il est l\u2019auteur de l\u2019album <i>Rendez-moi <\/i><i>C\u00e9leste !<\/i>, \u00e9dit\u00e9 chez Locus Solus en 2017.<\/p>\n<p>&nbsp;<\/p>\n","protected":false},"excerpt":{"rendered":"<p class=\"p1\">Sidonie et son grand-p\u00e8re Oscar vous entra\u00eenent dans une aventure tr\u00e9pidante et color\u00e9e. Vous d\u00e9couvrirez tour \u00e0 tour des personnages attachants, resplendissants, inqui\u00e9tants et m\u00eame quelques fois aga\u00e7ants&#8230;<\/p>\n<hr \/>\n<p><strong>Format<\/strong> : 21 x 29,7 cm<br \/>\n<strong>Pagination<\/strong> : 32 pages<br \/>\n<strong>Fa\u00e7onnage<\/strong> : broch\u00e9<br \/>\n<strong>Illustrations<\/strong> : Marc Jamin<br \/>\n<strong>Parution<\/strong> : D\u00e9cembre 2025<br \/>\n<strong>ISBN<\/strong> : 978-2-9582435-8-6<\/p>\n<hr \/>\n<h3>16,50 \u20ac<\/h3>\n","protected":false},"featured_media":695,"template":"","meta":[],"product_brand":[],"product_cat":[16],"product_tag":[],"class_list":{"0":"post-697","1":"product","2":"type-product","3":"status-publish","4":"has-post-thumbnail","6":"product_cat-non-classe","8":"first","9":"instock","10":"taxable","11":"shipping-taxable","12":"product-type-simple"},"yoast_head":"<!-- This site is optimized with the Yoast SEO plugin v27.1 - https:\/\/yoast.com\/product\/yoast-seo-wordpress\/ -->\n<title>Le Serpent Arc-en-ciel - Typogone \u00e9ditions - Orientation jeunesse<\/title>\n<meta name=\"description\" content=\"Serpent Arc-en-ciel, livre illustr\u00e9 jeunesse de Marc Jamin. Une rencontre, un voyage, des aventures tr\u00e9pidantes et hautes en couleur.\" \/>\n<meta name=\"robots\" content=\"index, follow, max-snippet:-1, max-image-preview:large, max-video-preview:-1\" \/>\n<link rel=\"canonical\" href=\"https:\/\/www.typogone-editions.com\/index.php\/produit\/serpent-arc-en-ciel-marc-jamin\/\" \/>\n<meta property=\"og:locale\" content=\"fr_FR\" \/>\n<meta property=\"og:type\" content=\"article\" \/>\n<meta property=\"og:title\" content=\"Le Serpent Arc-en-ciel - Typogone \u00e9ditions - Orientation jeunesse\" \/>\n<meta property=\"og:description\" content=\"Serpent Arc-en-ciel, livre illustr\u00e9 jeunesse de Marc Jamin. Une rencontre, un voyage, des aventures tr\u00e9pidantes et hautes en couleur.\" \/>\n<meta property=\"og:url\" content=\"https:\/\/www.typogone-editions.com\/index.php\/produit\/serpent-arc-en-ciel-marc-jamin\/\" \/>\n<meta property=\"og:site_name\" content=\"Typogone \u00e9ditions\" \/>\n<meta property=\"article:modified_time\" content=\"2025-10-29T17:44:02+00:00\" \/>\n<meta property=\"og:image\" content=\"https:\/\/www.typogone-editions.com\/wp-content\/uploads\/2025\/10\/Couverture.png\" \/>\n\t<meta property=\"og:image:width\" content=\"400\" \/>\n\t<meta property=\"og:image:height\" content=\"579\" \/>\n\t<meta property=\"og:image:type\" content=\"image\/png\" \/>\n<meta name=\"twitter:card\" content=\"summary_large_image\" \/>\n<meta name=\"twitter:label1\" content=\"Dur\u00e9e de lecture estim\u00e9e\" \/>\n\t<meta name=\"twitter:data1\" content=\"1 minute\" \/>\n<script type=\"application\/ld+json\" class=\"yoast-schema-graph\">{\"@context\":\"https:\/\/schema.org\",\"@graph\":[{\"@type\":\"WebPage\",\"@id\":\"https:\/\/www.typogone-editions.com\/index.php\/produit\/serpent-arc-en-ciel-marc-jamin\/\",\"url\":\"https:\/\/www.typogone-editions.com\/index.php\/produit\/serpent-arc-en-ciel-marc-jamin\/\",\"name\":\"Le Serpent Arc-en-ciel - Typogone \u00e9ditions - Orientation jeunesse\",\"isPartOf\":{\"@id\":\"https:\/\/www.typogone-editions.com\/#website\"},\"primaryImageOfPage\":{\"@id\":\"https:\/\/www.typogone-editions.com\/index.php\/produit\/serpent-arc-en-ciel-marc-jamin\/#primaryimage\"},\"image\":{\"@id\":\"https:\/\/www.typogone-editions.com\/index.php\/produit\/serpent-arc-en-ciel-marc-jamin\/#primaryimage\"},\"thumbnailUrl\":\"https:\/\/www.typogone-editions.com\/wp-content\/uploads\/2025\/10\/Couverture.png\",\"datePublished\":\"2025-10-29T17:30:27+00:00\",\"dateModified\":\"2025-10-29T17:44:02+00:00\",\"description\":\"Serpent Arc-en-ciel, livre illustr\u00e9 jeunesse de Marc Jamin. Une rencontre, un voyage, des aventures tr\u00e9pidantes et hautes en couleur.\",\"breadcrumb\":{\"@id\":\"https:\/\/www.typogone-editions.com\/index.php\/produit\/serpent-arc-en-ciel-marc-jamin\/#breadcrumb\"},\"inLanguage\":\"fr-FR\",\"potentialAction\":[{\"@type\":\"ReadAction\",\"target\":[\"https:\/\/www.typogone-editions.com\/index.php\/produit\/serpent-arc-en-ciel-marc-jamin\/\"]}]},{\"@type\":\"ImageObject\",\"inLanguage\":\"fr-FR\",\"@id\":\"https:\/\/www.typogone-editions.com\/index.php\/produit\/serpent-arc-en-ciel-marc-jamin\/#primaryimage\",\"url\":\"https:\/\/www.typogone-editions.com\/wp-content\/uploads\/2025\/10\/Couverture.png\",\"contentUrl\":\"https:\/\/www.typogone-editions.com\/wp-content\/uploads\/2025\/10\/Couverture.png\",\"width\":400,\"height\":579},{\"@type\":\"BreadcrumbList\",\"@id\":\"https:\/\/www.typogone-editions.com\/index.php\/produit\/serpent-arc-en-ciel-marc-jamin\/#breadcrumb\",\"itemListElement\":[{\"@type\":\"ListItem\",\"position\":1,\"name\":\"Accueil\",\"item\":\"https:\/\/www.typogone-editions.com\/\"},{\"@type\":\"ListItem\",\"position\":2,\"name\":\"Le Serpent Arc-en-ciel\"}]},{\"@type\":\"WebSite\",\"@id\":\"https:\/\/www.typogone-editions.com\/#website\",\"url\":\"https:\/\/www.typogone-editions.com\/\",\"name\":\"Typogone \u00e9ditions\",\"description\":\"Maison d&#039;\u00e9dition\",\"publisher\":{\"@id\":\"https:\/\/www.typogone-editions.com\/#organization\"},\"potentialAction\":[{\"@type\":\"SearchAction\",\"target\":{\"@type\":\"EntryPoint\",\"urlTemplate\":\"https:\/\/www.typogone-editions.com\/?s={search_term_string}\"},\"query-input\":{\"@type\":\"PropertyValueSpecification\",\"valueRequired\":true,\"valueName\":\"search_term_string\"}}],\"inLanguage\":\"fr-FR\"},{\"@type\":\"Organization\",\"@id\":\"https:\/\/www.typogone-editions.com\/#organization\",\"name\":\"Typogone \u00e9ditions\",\"url\":\"https:\/\/www.typogone-editions.com\/\",\"logo\":{\"@type\":\"ImageObject\",\"inLanguage\":\"fr-FR\",\"@id\":\"https:\/\/www.typogone-editions.com\/#\/schema\/logo\/image\/\",\"url\":\"https:\/\/www.typogone-editions.com\/wp-content\/uploads\/2022\/03\/Logo-typogone-vecto.jpeg\",\"contentUrl\":\"https:\/\/www.typogone-editions.com\/wp-content\/uploads\/2022\/03\/Logo-typogone-vecto.jpeg\",\"width\":1038,\"height\":1038,\"caption\":\"Typogone \u00e9ditions\"},\"image\":{\"@id\":\"https:\/\/www.typogone-editions.com\/#\/schema\/logo\/image\/\"}}]}<\/script>\n<!-- \/ Yoast SEO plugin. -->","yoast_head_json":{"title":"Le Serpent Arc-en-ciel - Typogone \u00e9ditions - Orientation jeunesse","description":"Serpent Arc-en-ciel, livre illustr\u00e9 jeunesse de Marc Jamin. Une rencontre, un voyage, des aventures tr\u00e9pidantes et hautes en couleur.","robots":{"index":"index","follow":"follow","max-snippet":"max-snippet:-1","max-image-preview":"max-image-preview:large","max-video-preview":"max-video-preview:-1"},"canonical":"https:\/\/www.typogone-editions.com\/index.php\/produit\/serpent-arc-en-ciel-marc-jamin\/","og_locale":"fr_FR","og_type":"article","og_title":"Le Serpent Arc-en-ciel - Typogone \u00e9ditions - Orientation jeunesse","og_description":"Serpent Arc-en-ciel, livre illustr\u00e9 jeunesse de Marc Jamin. Une rencontre, un voyage, des aventures tr\u00e9pidantes et hautes en couleur.","og_url":"https:\/\/www.typogone-editions.com\/index.php\/produit\/serpent-arc-en-ciel-marc-jamin\/","og_site_name":"Typogone \u00e9ditions","article_modified_time":"2025-10-29T17:44:02+00:00","og_image":[{"width":400,"height":579,"url":"https:\/\/www.typogone-editions.com\/wp-content\/uploads\/2025\/10\/Couverture.png","type":"image\/png"}],"twitter_card":"summary_large_image","twitter_misc":{"Dur\u00e9e de lecture estim\u00e9e":"1 minute"},"schema":{"@context":"https:\/\/schema.org","@graph":[{"@type":"WebPage","@id":"https:\/\/www.typogone-editions.com\/index.php\/produit\/serpent-arc-en-ciel-marc-jamin\/","url":"https:\/\/www.typogone-editions.com\/index.php\/produit\/serpent-arc-en-ciel-marc-jamin\/","name":"Le Serpent Arc-en-ciel - Typogone \u00e9ditions - Orientation jeunesse","isPartOf":{"@id":"https:\/\/www.typogone-editions.com\/#website"},"primaryImageOfPage":{"@id":"https:\/\/www.typogone-editions.com\/index.php\/produit\/serpent-arc-en-ciel-marc-jamin\/#primaryimage"},"image":{"@id":"https:\/\/www.typogone-editions.com\/index.php\/produit\/serpent-arc-en-ciel-marc-jamin\/#primaryimage"},"thumbnailUrl":"https:\/\/www.typogone-editions.com\/wp-content\/uploads\/2025\/10\/Couverture.png","datePublished":"2025-10-29T17:30:27+00:00","dateModified":"2025-10-29T17:44:02+00:00","description":"Serpent Arc-en-ciel, livre illustr\u00e9 jeunesse de Marc Jamin. Une rencontre, un voyage, des aventures tr\u00e9pidantes et hautes en couleur.","breadcrumb":{"@id":"https:\/\/www.typogone-editions.com\/index.php\/produit\/serpent-arc-en-ciel-marc-jamin\/#breadcrumb"},"inLanguage":"fr-FR","potentialAction":[{"@type":"ReadAction","target":["https:\/\/www.typogone-editions.com\/index.php\/produit\/serpent-arc-en-ciel-marc-jamin\/"]}]},{"@type":"ImageObject","inLanguage":"fr-FR","@id":"https:\/\/www.typogone-editions.com\/index.php\/produit\/serpent-arc-en-ciel-marc-jamin\/#primaryimage","url":"https:\/\/www.typogone-editions.com\/wp-content\/uploads\/2025\/10\/Couverture.png","contentUrl":"https:\/\/www.typogone-editions.com\/wp-content\/uploads\/2025\/10\/Couverture.png","width":400,"height":579},{"@type":"BreadcrumbList","@id":"https:\/\/www.typogone-editions.com\/index.php\/produit\/serpent-arc-en-ciel-marc-jamin\/#breadcrumb","itemListElement":[{"@type":"ListItem","position":1,"name":"Accueil","item":"https:\/\/www.typogone-editions.com\/"},{"@type":"ListItem","position":2,"name":"Le Serpent Arc-en-ciel"}]},{"@type":"WebSite","@id":"https:\/\/www.typogone-editions.com\/#website","url":"https:\/\/www.typogone-editions.com\/","name":"Typogone \u00e9ditions","description":"Maison d&#039;\u00e9dition","publisher":{"@id":"https:\/\/www.typogone-editions.com\/#organization"},"potentialAction":[{"@type":"SearchAction","target":{"@type":"EntryPoint","urlTemplate":"https:\/\/www.typogone-editions.com\/?s={search_term_string}"},"query-input":{"@type":"PropertyValueSpecification","valueRequired":true,"valueName":"search_term_string"}}],"inLanguage":"fr-FR"},{"@type":"Organization","@id":"https:\/\/www.typogone-editions.com\/#organization","name":"Typogone \u00e9ditions","url":"https:\/\/www.typogone-editions.com\/","logo":{"@type":"ImageObject","inLanguage":"fr-FR","@id":"https:\/\/www.typogone-editions.com\/#\/schema\/logo\/image\/","url":"https:\/\/www.typogone-editions.com\/wp-content\/uploads\/2022\/03\/Logo-typogone-vecto.jpeg","contentUrl":"https:\/\/www.typogone-editions.com\/wp-content\/uploads\/2022\/03\/Logo-typogone-vecto.jpeg","width":1038,"height":1038,"caption":"Typogone \u00e9ditions"},"image":{"@id":"https:\/\/www.typogone-editions.com\/#\/schema\/logo\/image\/"}}]}},"_links":{"self":[{"href":"https:\/\/www.typogone-editions.com\/index.php\/wp-json\/wp\/v2\/product\/697","targetHints":{"allow":["GET"]}}],"collection":[{"href":"https:\/\/www.typogone-editions.com\/index.php\/wp-json\/wp\/v2\/product"}],"about":[{"href":"https:\/\/www.typogone-editions.com\/index.php\/wp-json\/wp\/v2\/types\/product"}],"wp:featuredmedia":[{"embeddable":true,"href":"https:\/\/www.typogone-editions.com\/index.php\/wp-json\/wp\/v2\/media\/695"}],"wp:attachment":[{"href":"https:\/\/www.typogone-editions.com\/index.php\/wp-json\/wp\/v2\/media?parent=697"}],"wp:term":[{"taxonomy":"product_brand","embeddable":true,"href":"https:\/\/www.typogone-editions.com\/index.php\/wp-json\/wp\/v2\/product_brand?post=697"},{"taxonomy":"product_cat","embeddable":true,"href":"https:\/\/www.typogone-editions.com\/index.php\/wp-json\/wp\/v2\/product_cat?post=697"},{"taxonomy":"product_tag","embeddable":true,"href":"https:\/\/www.typogone-editions.com\/index.php\/wp-json\/wp\/v2\/product_tag?post=697"}],"curies":[{"name":"wp","href":"https:\/\/api.w.org\/{rel}","templated":true}]}}